{"id":9,"date":"2015-12-12T17:32:03","date_gmt":"2015-12-12T17:32:03","guid":{"rendered":"http:\/\/rabelais32.org\/?page_id=9"},"modified":"2025-05-01T17:44:30","modified_gmt":"2025-05-01T15:44:30","slug":"sport-et-decouvertes","status":"publish","type":"page","link":"https:\/\/www.rabelais32.org\/index.php\/activites\/sport-et-decouvertes\/","title":{"rendered":"Randonn\u00e9es-programmes"},"content":{"rendered":"<div id=\"TheTexte\" class=\"Texte\"><a href=\"http:\/\/rabelais32.org\/wp-content\/uploads\/2015\/12\/P1060150-1024x768.jpg\" target=\"_blank\" rel=\"attachment wp-att-1064 noopener noreferrer\"><img loading=\"lazy\" decoding=\"async\" class=\"size-medium wp-image-1064 alignleft\" src=\"http:\/\/rabelais32.org\/wp-content\/uploads\/2015\/12\/P1060150-1024x768-300x225.jpg\" alt=\"P1060150 [1024x768]\" width=\"300\" height=\"225\" srcset=\"https:\/\/www.rabelais32.org\/wp-content\/uploads\/2015\/12\/P1060150-1024x768-300x225.jpg 300w, https:\/\/www.rabelais32.org\/wp-content\/uploads\/2015\/12\/P1060150-1024x768-768x576.jpg 768w, https:\/\/www.rabelais32.org\/wp-content\/uploads\/2015\/12\/P1060150-1024x768.jpg 1024w\" sizes=\"auto, (max-width: 300px) 100vw, 300px\" \/><\/a><\/div>\n<div class=\"Texte\"><\/div>\n<div class=\"Texte\"><\/div>\n<p>&nbsp;<\/p>\n<p>Les marcheurs et les randonneurs peuvent participer :<br \/>\n-tous les jeudis \u00e0 une marche de 2 h aux environs d\u2019AUCH ou des villages voisins,<br \/>\n-\u00e0 trois marches d\u2019une journ\u00e9e, au printemps avec les animateurs du groupe,<br \/>\n-tous les mois, \u00e0 une randonn\u00e9e-montagne d\u2019une journ\u00e9e dans les Hautes-Pyr\u00e9n\u00e9es,( deux, si le temps le permet ).<br \/>\n-tous les ans, \u00e0 trois randos-d\u00e9couvertes, de 3 \u00e0 5 jours, \u00e0 la montagne ou ailleurs sur les\u00a0\u00bb Chemins de France\u00a0 ou pays limitrophes\u00a0\u00bb.<\/p>\n<p>&nbsp;<\/p>\n<p>&nbsp;<\/p>\n<p><span style=\"color: #0000ff;\"><em><strong>Pour 2026 :<\/strong><\/em><\/span><\/p>\n<p><strong>Projet TARN ( Carmausain, S\u00e9gala ) septembre 2026 : <a href=\"https:\/\/www.rabelais32.org\/wp-content\/uploads\/2025\/04\/CARMAUSIN-ET-SEGALA-2024.pdf\" target=\"_blank\" rel=\"noopener\">ICI<\/a><\/strong><\/p>\n<p><strong>\u00a0Projet autour du lac de Salagou en mai 2026 : <\/strong><a href=\"https:\/\/www.rabelais32.org\/wp-content\/uploads\/2024\/09\/Rando-au-lac-de-SALAGOU.pdf\" target=\"_blank\" rel=\"noopener\"><strong>ICI<\/strong><\/a><\/p>\n<p><span style=\"color: #0000ff;\"><em><strong>Pour 2025 :<\/strong><\/em><\/span><\/p>\n<p><strong><span style=\"color: #ff0000;\">Sondage pour sorties, randonn\u00e9es, voyages pour 2025\u00a0 : <a href=\"https:\/\/www.rabelais32.org\/wp-content\/uploads\/2024\/05\/fiche-souhaits-adherents-projets-2025.pdf\" target=\"_blank\" rel=\"noopener\">ICI<\/a><\/span><\/strong><\/p>\n<p><em><strong>Randonn\u00e9es d\u00e9couverte : propositions\u00a0 :<br \/>\n<\/strong><\/em><\/p>\n<p><strong>1- Autour du Pont du Gard : <a href=\"https:\/\/www.rabelais32.org\/wp-content\/uploads\/2024\/09\/pont-du-gard-programme-illustre_Randonne_e-2.pdf\" target=\"_blank\" rel=\"noopener\">ICI<\/a><\/strong><\/p>\n<p>&nbsp;<\/p>\n<p><span style=\"color: #ff00ff;\"><strong>A voir plus tard :<\/strong><\/span><\/p>\n<p><strong>Le Tarn : Carmausin-S\u00e9gala : <a href=\"https:\/\/www.rabelais32.org\/wp-content\/uploads\/2024\/05\/CARMAUSIN-ET-SEGALA.pdf\" target=\"_blank\" rel=\"noopener\">ICI<\/a><\/strong><\/p>\n<p><strong>Sondage pour\u00a0 2025 : ICI<\/strong><\/p>\n<p><span style=\"color: #0000ff;\"><em><strong>Pour 2024 :<\/strong><\/em><\/span><\/p>\n<p><a href=\"https:\/\/www.rabelais32.org\/wp-content\/uploads\/2023\/06\/Sondage-voyages-2024-CSS.pdf\" target=\"_blank\" rel=\"noopener noreferrer\"><strong>Sondage pour voyages en 2024 : ICI<\/strong><\/a><\/p>\n<p><em><strong>Les propositions pour 2024 sont arr\u00eat\u00e9es : <\/strong><\/em><\/p>\n<p><strong>Le Tarn et les gorges de l&rsquo;Aveyron\u00a0 du 19 au 22 juin 2024: <a href=\"https:\/\/www.rabelais32.org\/wp-content\/uploads\/2024\/01\/TARN-Voyage-randonnee.pdf\" target=\"_blank\" rel=\"noopener noreferrer\">ICI<\/a><\/strong><\/p>\n<p><strong>La Vall\u00e9e de Boi du 24 au 27 septembre 2024 : <a href=\"https:\/\/www.rabelais32.org\/wp-content\/uploads\/2024\/09\/Reunion-et-Programme.Vallee-de-Boi.pdf\" target=\"_blank\" rel=\"noopener\">ICI<\/a><\/strong><\/p>\n<p>&nbsp;<\/p>\n<p><strong>Bulletin d&rsquo;inscription \u00e0 retourner <span style=\"color: #ff0000;\">avant le 23 octobre 2023<\/span> : <a href=\"https:\/\/www.rabelais32.org\/wp-content\/uploads\/2023\/10\/Tableau-Projet-MGEN-20241.pdf\" target=\"_blank\" rel=\"noopener noreferrer\">ICI<\/a><\/strong><\/p>\n<p>Les inscriptions <strong>jusqu&rsquo;au lundi 23 octobre 2023 dernier d\u00e9lai<\/strong> d\u00e9termineront en fonction du nombre de participants le choix des voyages et randonn\u00e9es retenus. Les renseignements et les acomptes seront alors\u00a0 demand\u00e9s aux inscrits \u00e0 ces voyages et randonn\u00e9es.<\/p>\n<p>&nbsp;<\/p>\n<p><span style=\"color: #0000ff;\"><em><strong>Pour 2023<\/strong><\/em><\/span><\/p>\n<p><strong><a href=\"https:\/\/www.rabelais32.org\/wp-content\/uploads\/2023\/01\/Raquettes-a-neige-dans-le-vallon-de-Loriaz-au-dessus-de-Vallorcine-1024x680-1.jpg\"><img loading=\"lazy\" decoding=\"async\" class=\" wp-image-12570 alignleft\" src=\"https:\/\/www.rabelais32.org\/wp-content\/uploads\/2023\/01\/Raquettes-a-neige-dans-le-vallon-de-Loriaz-au-dessus-de-Vallorcine-1024x680-1-300x279.jpg\" alt=\"\" width=\"177\" height=\"165\" srcset=\"https:\/\/www.rabelais32.org\/wp-content\/uploads\/2023\/01\/Raquettes-a-neige-dans-le-vallon-de-Loriaz-au-dessus-de-Vallorcine-1024x680-1-300x279.jpg 300w, https:\/\/www.rabelais32.org\/wp-content\/uploads\/2023\/01\/Raquettes-a-neige-dans-le-vallon-de-Loriaz-au-dessus-de-Vallorcine-1024x680-1.jpg 731w\" sizes=\"auto, (max-width: 177px) 100vw, 177px\" \/><\/a>S\u00e9jour raquettes \u00e0 Sainte Marie de Campan du 27 au 29 janvier 2023<br \/>\n<\/strong><\/p>\n<p><strong>S\u00e9jour sur la Costa Brava du 25 au 28 juin 2023 : <a href=\"https:\/\/www.rabelais32.org\/wp-content\/uploads\/2023\/01\/Costa-Brava-juin-2023.pdf\" target=\"_blank\" rel=\"noopener noreferrer\">ICI<\/a><\/strong><\/p>\n<p><strong>S\u00e9jour en Pays Narbonnais du 30 au 3 octobre 2023 : <a href=\"https:\/\/www.rabelais32.org\/wp-content\/uploads\/2023\/01\/Voyage-en-Pays-narbonnais-avec-le-guide-revu.pdf\" target=\"_blank\" rel=\"noopener noreferrer\">ICI<\/a><\/strong><\/p>\n<p>&nbsp;<\/p>\n<p>&nbsp;<\/p>\n<p>&nbsp;<\/p>\n<p>&nbsp;<\/p>\n<p><strong><span style=\"color: #0000ff;\">2021 2022 :<\/span><\/strong><\/p>\n<p><strong>Les marches ont repris depuis le mois de septembre, les randonneurs sont avertis du lieu par mail\u00a0<\/strong><span style=\"color: #ff0000;\"><strong> .<br \/>\n<\/strong><\/span><\/p>\n<p><strong>Programme pr\u00e9visionnel des randonn\u00e9es d\u00e9couvertes et montagne<\/strong> :<\/p>\n<p><strong>S\u00e9jour raquettes au Mourtis : programme : <a href=\"https:\/\/www.rabelais32.org\/wp-content\/uploads\/2022\/01\/Devis-et-programme-le-Mourtis.pdf\" target=\"_blank\" rel=\"noopener noreferrer\">ICI<\/a><br \/>\n<\/strong><\/p>\n<p><strong>S\u00e9jour en Cerdagne : programme : <a href=\"https:\/\/www.rabelais32.org\/wp-content\/uploads\/2022\/03\/Programme-cerdagne-avec-tarif.pdf\" target=\"_blank\" rel=\"noopener noreferrer\">ICI<\/a><br \/>\n<\/strong><\/p>\n<p><strong>S\u00e9jour au Rougier de Camar\u00e8s : programme : <a href=\"https:\/\/www.rabelais32.org\/wp-content\/uploads\/2022\/03\/Programme-le-Rougier-de-Camares-avec-dates.pdf\" target=\"_blank\" rel=\"noopener noreferrer\">ICI<\/a><\/strong><\/p>\n<p><strong>\u00a0S\u00e9jour en Aragon : Programme : <a href=\"https:\/\/www.rabelais32.org\/wp-content\/uploads\/2022\/07\/Programme.pdf\" target=\"_blank\" rel=\"noopener noreferrer\">Page 1<\/a> ; <a href=\"https:\/\/www.rabelais32.org\/wp-content\/uploads\/2022\/07\/Suite-programme.pdf\" target=\"_blank\" rel=\"noopener noreferrer\">page 2<\/a><\/strong><\/p>\n<p><span style=\"color: #0000ff;\"><strong>2020 :<\/strong><\/span><\/p>\n<p><strong>Les programmes annuels seront sur les pages:<\/strong><\/p>\n<p><strong>Le Covid-19 nous oblige \u00e0 changer nos habitudes, voire nos comportements. Nous devons revoir nos certitudes et nos ambitions. La M\u00e9t\u00e9o m\u00eame vient perturber nos projets en devenant de plus en plus impr\u00e9visible. On dirait que quelque chose nous en veut\u00a0!<\/strong><\/p>\n<p><strong>Il est donc difficile de pr\u00e9voir des dates\u00a0: finie la longue liste des sorties-montagne pour l\u2019ann\u00e9e, finis les calendriers trimestriels des marches du jeudi\u00a0! Nous ne sommes m\u00eame pas s\u00fbrs de ce que nous ferons demain\u00a0! Que nous reste-t-il\u00a0? l\u2019espoir de sortir prochainement de cette situation anxiog\u00e8ne, la volont\u00e9 de continuer, le pouvoir de r\u00eaver, d\u2019ouvrir notre site \u00ab\u00a0Rabelais32\u00a0\u00bb -il fonctionne-et de se laisser aller dans le plaisir en feuilletant nos souvenirs.<\/strong><\/p>\n<p><strong>Pour les marches du jeudi et pour les sorties-montagne, nous avertirons les randonneurs 1 ou 2 jours avant jusqu\u2019\u00e0 ce que nous retrouvions un peu plus de visibilit\u00e9. Quant au projets de s\u00e9jours- d\u00e9couverte, des id\u00e9es circulent, mais il est encore trop t\u00f4t pour \u00e9tablir un programme. Prot\u00e9geons-nous et gardons espoir.<\/strong><\/p>\n<p><strong>Marcelle<\/strong><\/p>\n<p><strong><span style=\"color: #ff0000;\">\u00a0<\/span> <\/strong><\/p>\n<p>&nbsp;<\/p>\n<p>&nbsp;<\/p>\n<p>&nbsp;<\/p>\n","protected":false},"excerpt":{"rendered":"<p>&nbsp; Les marcheurs et les randonneurs peuvent participer : -tous les jeudis \u00e0 une marche de 2 h aux environs d\u2019AUCH ou des villages voisins, -\u00e0 trois marches d\u2019une journ\u00e9e, au printemps avec les animateurs du groupe, -tous les mois, &hellip; <a href=\"https:\/\/www.rabelais32.org\/index.php\/activites\/sport-et-decouvertes\/\">Lire la suite\u00ad\u00ad<\/a><\/p>\n","protected":false},"author":1,"featured_media":1474,"parent":81,"menu_order":0,"comment_status":"closed","ping_status":"closed","template":"","meta":{"footnotes":""},"class_list":["post-9","page","type-page","status-publish","has-post-thumbnail","hentry"],"_links":{"self":[{"href":"https:\/\/www.rabelais32.org\/index.php\/wp-json\/wp\/v2\/pages\/9","targetHints":{"allow":["GET"]}}],"collection":[{"href":"https:\/\/www.rabelais32.org\/index.php\/wp-json\/wp\/v2\/pages"}],"about":[{"href":"https:\/\/www.rabelais32.org\/index.php\/wp-json\/wp\/v2\/types\/page"}],"author":[{"embeddable":true,"href":"https:\/\/www.rabelais32.org\/index.php\/wp-json\/wp\/v2\/users\/1"}],"replies":[{"embeddable":true,"href":"https:\/\/www.rabelais32.org\/index.php\/wp-json\/wp\/v2\/comments?post=9"}],"version-history":[{"count":87,"href":"https:\/\/www.rabelais32.org\/index.php\/wp-json\/wp\/v2\/pages\/9\/revisions"}],"predecessor-version":[{"id":15232,"href":"https:\/\/www.rabelais32.org\/index.php\/wp-json\/wp\/v2\/pages\/9\/revisions\/15232"}],"up":[{"embeddable":true,"href":"https:\/\/www.rabelais32.org\/index.php\/wp-json\/wp\/v2\/pages\/81"}],"wp:featuredmedia":[{"embeddable":true,"href":"https:\/\/www.rabelais32.org\/index.php\/wp-json\/wp\/v2\/media\/1474"}],"wp:attachment":[{"href":"https:\/\/www.rabelais32.org\/index.php\/wp-json\/wp\/v2\/media?parent=9"}],"curies":[{"name":"wp","href":"https:\/\/api.w.org\/{rel}","templated":true}]}}