{"id":8281,"date":"2020-02-07T15:33:13","date_gmt":"2020-02-07T14:33:13","guid":{"rendered":"https:\/\/www.rabelais32.org\/?page_id=8281"},"modified":"2025-05-07T09:48:11","modified_gmt":"2025-05-07T07:48:11","slug":"evenements-a-venir","status":"publish","type":"page","link":"https:\/\/www.rabelais32.org\/index.php\/evenements-a-venir\/","title":{"rendered":"Informations importantes"},"content":{"rendered":"<div>\n<p><span style=\"color: #0000ff;\"><strong>Ann\u00e9e 2023-2024 :<\/strong><\/span><\/p>\n<p style=\"text-align: center;\"><span style=\"color: #800000;\"><strong>La r\u00e9daction des directives anticip\u00e9es<\/strong><\/span><\/p>\n<p><a href=\"https:\/\/www.rabelais32.org\/wp-content\/uploads\/2023\/11\/8ace3f310346-directives-anticipees.jpg\" target=\"_blank\" rel=\"noopener noreferrer\"><img loading=\"lazy\" decoding=\"async\" class=\" wp-image-13461 alignleft\" src=\"https:\/\/www.rabelais32.org\/wp-content\/uploads\/2023\/11\/8ace3f310346-directives-anticipees-212x300.jpg\" alt=\"\" width=\"196\" height=\"278\" srcset=\"https:\/\/www.rabelais32.org\/wp-content\/uploads\/2023\/11\/8ace3f310346-directives-anticipees-212x300.jpg 212w, https:\/\/www.rabelais32.org\/wp-content\/uploads\/2023\/11\/8ace3f310346-directives-anticipees.jpg 424w\" sizes=\"auto, (max-width: 196px) 100vw, 196px\" \/><\/a><a href=\"https:\/\/www.rabelais32.org\/wp-content\/uploads\/2023\/11\/directives-fin-de-vie-\u00e0-cocher.jpg\" target=\"_blank\" rel=\"noopener noreferrer\"><img loading=\"lazy\" decoding=\"async\" class=\" wp-image-13464 alignright\" src=\"https:\/\/www.rabelais32.org\/wp-content\/uploads\/2023\/11\/directives-fin-de-vie-\u00e0-cocher-212x300.jpg\" alt=\"\" width=\"203\" height=\"287\" srcset=\"https:\/\/www.rabelais32.org\/wp-content\/uploads\/2023\/11\/directives-fin-de-vie-\u00e0-cocher-212x300.jpg 212w, https:\/\/www.rabelais32.org\/wp-content\/uploads\/2023\/11\/directives-fin-de-vie-\u00e0-cocher-725x1024.jpg 725w, https:\/\/www.rabelais32.org\/wp-content\/uploads\/2023\/11\/directives-fin-de-vie-\u00e0-cocher-768x1085.jpg 768w, https:\/\/www.rabelais32.org\/wp-content\/uploads\/2023\/11\/directives-fin-de-vie-\u00e0-cocher.jpg 906w\" sizes=\"auto, (max-width: 203px) 100vw, 203px\" \/><\/a><\/p>\n<p>&nbsp;<\/p>\n<p>&nbsp;<\/p>\n<p>Suite \u00e0 l&rsquo;atelier d&rsquo;aide aux directives anticip\u00e9es du mercredi 8 novembre 2023 , Mme Annick\u00a0 Grateloup met \u00e0 la disposition de l&rsquo;ensemble des adh\u00e9rents , toute la documentation qu&rsquo;elle a d\u00e9taill\u00e9e . Nous l&rsquo;en remercions tr\u00e8s sinc\u00e8rement :<\/p>\n<\/div>\n<p>&nbsp;<\/p>\n<p>&nbsp;<\/p>\n<p>&nbsp;<\/p>\n<p>&nbsp;<\/p>\n<p>&nbsp;<\/p>\n<p>&nbsp;<\/p>\n<p>&nbsp;<\/p>\n<p>&nbsp;<\/p>\n<ul>\n<li><strong>Le diaporama de Mme Grateloup : directives anticip\u00e9es CONDENSE :\u00a0<a href=\"https:\/\/www.rabelais32.org\/wp-content\/uploads\/2023\/11\/Les-directives-anticip\u00e9es-CONDENSE.pdf\" target=\"_blank\" rel=\"noopener noreferrer\">ICI<\/a><\/strong><\/li>\n<\/ul>\n<p>&nbsp;<\/p>\n<ul>\n<li><strong>guide des directives anticip\u00e9es :<\/strong><a href=\"https:\/\/www.rabelais32.org\/wp-content\/uploads\/2023\/11\/guide-directives-anticip\u00e9es-2020.pdf\" target=\"_blank\" rel=\"noopener noreferrer\"><strong> ICI<\/strong><\/a><\/li>\n<\/ul>\n<p>&nbsp;<\/p>\n<ul>\n<li><strong>Formulaire du gouvernement pour r\u00e9daction des directives anticip\u00e9es : <a href=\"https:\/\/www.rabelais32.org\/wp-content\/uploads\/2023\/11\/2023_04_modele_directives_anticipees-gouv.pdf\" target=\"_blank\" rel=\"noopener noreferrer\">ICI<\/a><\/strong><\/li>\n<\/ul>\n<p>&nbsp;<\/p>\n<ul>\n<li><strong>Autre formulaire : <\/strong><a href=\"https:\/\/www.rabelais32.org\/wp-content\/uploads\/2023\/11\/fomulaire_de_directives_anticipees_valide_en_ciap.pdf\" target=\"_blank\" rel=\"noopener noreferrer\"><strong>ICI<\/strong><\/a><\/li>\n<\/ul>\n<p>&nbsp;<\/p>\n<ul>\n<li><strong>Mod\u00e8le ADMD :<a href=\"https:\/\/www.rabelais32.org\/wp-content\/uploads\/2023\/11\/Directives-anticip\u00e9es-ADMD.pdf\" target=\"_blank\" rel=\"noopener noreferrer\"> ICI<\/a><\/strong><\/li>\n<\/ul>\n<p>&nbsp;<\/p>\n<p>&nbsp;<\/p>\n<p><strong><span style=\"color: #0000ff;\">Ann\u00e9e 2021 :<\/span><\/strong><\/p>\n<p><a href=\"https:\/\/www.rabelais32.org\/wp-content\/uploads\/2021\/11\/es_0996.jpg\"><img loading=\"lazy\" decoding=\"async\" class=\"wp-image-11176 alignleft\" src=\"https:\/\/www.rabelais32.org\/wp-content\/uploads\/2021\/11\/es_0996-300x200.jpg\" alt=\"\" width=\"98\" height=\"65\" srcset=\"https:\/\/www.rabelais32.org\/wp-content\/uploads\/2021\/11\/es_0996-300x200.jpg 300w, https:\/\/www.rabelais32.org\/wp-content\/uploads\/2021\/11\/es_0996-768x512.jpg 768w, https:\/\/www.rabelais32.org\/wp-content\/uploads\/2021\/11\/es_0996.jpg 1000w\" sizes=\"auto, (max-width: 98px) 100vw, 98px\" \/><\/a><\/p>\n<p><strong>23 novembre 2021 : conf\u00e9rence sur le festival international des jardins de Chaumont sur Loire\u00a0 \u00e0 14h30 salle du club par Dany DUBOS<\/strong><\/p>\n<p>&nbsp;<\/p>\n<p><strong>1er d\u00e9cembre\u00a0 : Visite de la Maison de sant\u00e9 Mutualiste\u00a0 \u00e0 10h au 42 avenue du 8 mai \u00e0 AUCH<br \/>\n<\/strong><\/p>\n<table style=\"height: 282px;\" width=\"948\">\n<tbody>\n<tr>\n<td width=\"196\"><b>\u00a0<\/b><\/p>\n<p><b>Jeudi 2 d\u00e9cembre<br \/>\n<\/b><\/p>\n<p><b>\u00e0 10 h<\/b><\/td>\n<td width=\"668\"><b>\u00a0<\/b><\/p>\n<p><b>Information sur les Risques Num\u00e9riques par \u00ab\u00a0pr\u00e9vention MAIF\u00a0\u00bb (pr\u00e9vu en 2020)<\/b><\/p>\n<p><b>1<\/b><b>er<\/b><b> groupe\u00a0\u00a0\u00a0\u00a0\u00a0\u00a0\u00a0\u00a0 Salle du Club<\/b><\/p>\n<p><b>\u00a0<\/b><\/td>\n<\/tr>\n<tr>\n<td width=\"196\"><b>\u00a0<\/b><\/p>\n<p><b>Jeudi 9 d\u00e9cembre<br \/>\n<\/b><\/p>\n<p><b>\u00e0 10 h<\/b><\/td>\n<td width=\"668\"><b>\u00a0<\/b><\/p>\n<p><b>\u00a0Information sur les Risques Num\u00e9riques par \u00ab\u00a0pr\u00e9vention MAIF\u00a0\u00bb (pr\u00e9vu en 2020)<\/b><\/p>\n<p><b>2<\/b><b>\u00e8me<\/b><b>\u00a0 groupe\u00a0\u00a0\u00a0\u00a0\u00a0\u00a0\u00a0 Salle du Club<\/b><\/p>\n<p><b>\u00a0<\/b><\/td>\n<\/tr>\n<\/tbody>\n<\/table>\n<p><strong><span style=\"color: #800000;\">Inscriptions n\u00e9cessaires pour toutes ces conf\u00e9rences et visites , jauge limit\u00e9e,<\/span><\/strong><\/p>\n<p><span style=\"color: #800000;\"><strong>Pour s\u2019inscrire : adresse mail\u00a0: retraitesmgen32@orange.fr<\/strong><\/span><\/p>\n<p><span style=\"color: #800000;\"><strong>ou t\u00e9l\u00a0:\u00a006 81 37 95 49<\/strong><\/span><\/p>\n<p>&nbsp;<\/p>\n<p><strong><span style=\"color: #0000ff;\">Ann\u00e9e 2020<\/span><\/strong><\/p>\n<p><a href=\"https:\/\/www.rabelais32.org\/wp-content\/uploads\/2020\/01\/trophee-origami-tigre-orange-assembli.jpg\" target=\"_blank\" rel=\"noopener noreferrer\"><img loading=\"lazy\" decoding=\"async\" class=\"wp-image-8080 alignleft\" src=\"https:\/\/www.rabelais32.org\/wp-content\/uploads\/2020\/01\/trophee-origami-tigre-orange-assembli-300x300.jpg\" alt=\"\" width=\"97\" height=\"97\" srcset=\"https:\/\/www.rabelais32.org\/wp-content\/uploads\/2020\/01\/trophee-origami-tigre-orange-assembli-300x300.jpg 300w, https:\/\/www.rabelais32.org\/wp-content\/uploads\/2020\/01\/trophee-origami-tigre-orange-assembli-150x150.jpg 150w, https:\/\/www.rabelais32.org\/wp-content\/uploads\/2020\/01\/trophee-origami-tigre-orange-assembli.jpg 440w\" sizes=\"auto, (max-width: 97px) 100vw, 97px\" \/><\/a><strong>6 janvier<\/strong> : premi\u00e8re s\u00e9ance de l&rsquo;Atelier Origami 10h Salle du club<\/p>\n<p>&nbsp;<\/p>\n<p>&nbsp;<\/p>\n<p>&nbsp;<\/p>\n<p><strong>14 janvier <\/strong>:\u00a0 La galette : lyc\u00e9e Pardailhan \u00e0 14h30 Lecture r\u00e9cr\u00e9ative faite par un groupe du Griot Blanc <a href=\"https:\/\/www.rabelais32.org\/wp-content\/uploads\/2019\/01\/galetteroi-auch.jpg\" target=\"_blank\" rel=\"noopener noreferrer\"><img loading=\"lazy\" decoding=\"async\" class=\"wp-image-6806 alignleft\" src=\"https:\/\/www.rabelais32.org\/wp-content\/uploads\/2019\/01\/galetteroi-auch-300x285.jpg\" alt=\"\" width=\"95\" height=\"90\" srcset=\"https:\/\/www.rabelais32.org\/wp-content\/uploads\/2019\/01\/galetteroi-auch-300x285.jpg 300w, https:\/\/www.rabelais32.org\/wp-content\/uploads\/2019\/01\/galetteroi-auch.jpg 618w\" sizes=\"auto, (max-width: 95px) 100vw, 95px\" \/><\/a><\/p>\n<p>&nbsp;<\/p>\n<p>&nbsp;<\/p>\n<p>&nbsp;<\/p>\n<p><a href=\"https:\/\/www.rabelais32.org\/wp-content\/uploads\/2019\/10\/timbre_collection-2100x1200.jpg\" target=\"_blank\" rel=\"noopener noreferrer\"><img loading=\"lazy\" decoding=\"async\" class=\"wp-image-7824 alignleft\" src=\"https:\/\/www.rabelais32.org\/wp-content\/uploads\/2019\/10\/timbre_collection-2100x1200-300x171.jpg\" alt=\"\" width=\"111\" height=\"63\" srcset=\"https:\/\/www.rabelais32.org\/wp-content\/uploads\/2019\/10\/timbre_collection-2100x1200-300x171.jpg 300w, https:\/\/www.rabelais32.org\/wp-content\/uploads\/2019\/10\/timbre_collection-2100x1200-768x439.jpg 768w, https:\/\/www.rabelais32.org\/wp-content\/uploads\/2019\/10\/timbre_collection-2100x1200-1024x585.jpg 1024w, https:\/\/www.rabelais32.org\/wp-content\/uploads\/2019\/10\/timbre_collection-2100x1200.jpg 2100w\" sizes=\"auto, (max-width: 111px) 100vw, 111px\" \/><\/a> <strong>20 janvier<\/strong> :\u00a0 Philat\u00e9lie avec\u00a0 <strong>initiation numismatique<\/strong> : salle du club \u00e0 14h30<\/p>\n<p>&nbsp;<\/p>\n<p>&nbsp;<\/p>\n<p><strong><a href=\"https:\/\/www.rabelais32.org\/wp-content\/uploads\/2019\/12\/couverture-leurs-chemins2.jpg\" target=\"_blank\" rel=\"noopener noreferrer\"><img loading=\"lazy\" decoding=\"async\" class=\"wp-image-8023 alignleft\" src=\"https:\/\/www.rabelais32.org\/wp-content\/uploads\/2019\/12\/couverture-leurs-chemins2-300x300.jpg\" alt=\"\" width=\"101\" height=\"101\" srcset=\"https:\/\/www.rabelais32.org\/wp-content\/uploads\/2019\/12\/couverture-leurs-chemins2-300x300.jpg 300w, https:\/\/www.rabelais32.org\/wp-content\/uploads\/2019\/12\/couverture-leurs-chemins2-150x150.jpg 150w, https:\/\/www.rabelais32.org\/wp-content\/uploads\/2019\/12\/couverture-leurs-chemins2.jpg 600w\" sizes=\"auto, (max-width: 101px) 100vw, 101px\" \/><\/a>21 janvier :<\/strong> Marie-H\u00e9l\u00e8ne NUNEZ nous pr\u00e9sentera son livre \u00abLeurs Chemins\u00bb suivi d\u2019une d\u00e9dicace Salle du club \u00e0 14h30<\/p>\n<p>&nbsp;<\/p>\n<p>&nbsp;<\/p>\n<p>&nbsp;<\/p>\n<p>&nbsp;<\/p>\n<p><strong><a href=\"https:\/\/www.rabelais32.org\/wp-content\/uploads\/2020\/01\/20190916_163405-Copier.jpg\" target=\"_blank\" rel=\"noopener noreferrer\"><img loading=\"lazy\" decoding=\"async\" class=\"wp-image-8074 alignleft\" src=\"https:\/\/www.rabelais32.org\/wp-content\/uploads\/2020\/01\/20190916_163405-Copier-300x225.jpg\" alt=\"\" width=\"104\" height=\"78\" srcset=\"https:\/\/www.rabelais32.org\/wp-content\/uploads\/2020\/01\/20190916_163405-Copier-300x225.jpg 300w, https:\/\/www.rabelais32.org\/wp-content\/uploads\/2020\/01\/20190916_163405-Copier-768x576.jpg 768w, https:\/\/www.rabelais32.org\/wp-content\/uploads\/2020\/01\/20190916_163405-Copier.jpg 1024w\" sizes=\"auto, (max-width: 104px) 100vw, 104px\" \/><\/a>28 janvier :<\/strong> diaporama sur la Bretagne par Claire et Jacques LAFFONT Salle du club \u00e0 14h30<\/p>\n<p>&nbsp;<\/p>\n<p>&nbsp;<\/p>\n<p>&nbsp;<\/p>\n<p><strong><a href=\"https:\/\/www.rabelais32.org\/wp-content\/uploads\/2020\/01\/Aur\u00e9lieSoubiran-princesseGhika.jpg\" target=\"_blank\" rel=\"noopener noreferrer\"><img loading=\"lazy\" decoding=\"async\" class=\"wp-image-8075 alignleft\" src=\"https:\/\/www.rabelais32.org\/wp-content\/uploads\/2020\/01\/Aur\u00e9lieSoubiran-princesseGhika-193x300.jpg\" alt=\"\" width=\"100\" height=\"156\" srcset=\"https:\/\/www.rabelais32.org\/wp-content\/uploads\/2020\/01\/Aur\u00e9lieSoubiran-princesseGhika-193x300.jpg 193w, https:\/\/www.rabelais32.org\/wp-content\/uploads\/2020\/01\/Aur\u00e9lieSoubiran-princesseGhika.jpg 385w\" sizes=\"auto, (max-width: 100px) 100vw, 100px\" \/><\/a>4 f\u00e9vrier<\/strong>\u00a0 : Une princesse en Gascogne Aur\u00e9lie GHIKA (1820-1904) par G. FARRET.Salle du club \u00e0 14h30<\/p>\n<p>&nbsp;<\/p>\n<p>&nbsp;<\/p>\n<p>&nbsp;<\/p>\n<p>&nbsp;<\/p>\n<p>&nbsp;<\/p>\n<p><strong><a href=\"https:\/\/www.rabelais32.org\/wp-content\/uploads\/2020\/01\/CDT32_0004784.jpg\" target=\"_blank\" rel=\"noopener noreferrer\"><img loading=\"lazy\" decoding=\"async\" class=\"wp-image-8076 alignleft\" src=\"https:\/\/www.rabelais32.org\/wp-content\/uploads\/2020\/01\/CDT32_0004784-300x200.jpg\" alt=\"\" width=\"102\" height=\"68\" srcset=\"https:\/\/www.rabelais32.org\/wp-content\/uploads\/2020\/01\/CDT32_0004784-300x200.jpg 300w, https:\/\/www.rabelais32.org\/wp-content\/uploads\/2020\/01\/CDT32_0004784-768x512.jpg 768w, https:\/\/www.rabelais32.org\/wp-content\/uploads\/2020\/01\/CDT32_0004784.jpg 800w\" sizes=\"auto, (max-width: 102px) 100vw, 102px\" \/><\/a><\/strong><strong>25 f\u00e9vrier<\/strong> : Diaporama \u00abAu c\u0153ur de Gimont\u00bb M. CACCIABUE, JP RANSAN et les participant(e)s \u00e0 l\u2019Atelier informatique. Invit\u00e9 : J LAJOUX pour des pr\u00e9cisions sur la visite de Gimont : Salle du club, 14h30<\/p>\n<p>&nbsp;<\/p>\n<p>&nbsp;<\/p>\n<p><strong><a href=\"https:\/\/www.rabelais32.org\/wp-content\/uploads\/2020\/02\/highcompress-machine-fab-lab.png\"><img loading=\"lazy\" decoding=\"async\" class=\" wp-image-8293 alignleft\" src=\"https:\/\/www.rabelais32.org\/wp-content\/uploads\/2020\/02\/highcompress-machine-fab-lab-238x300.png\" alt=\"\" width=\"95\" height=\"120\" srcset=\"https:\/\/www.rabelais32.org\/wp-content\/uploads\/2020\/02\/highcompress-machine-fab-lab-238x300.png 238w, https:\/\/www.rabelais32.org\/wp-content\/uploads\/2020\/02\/highcompress-machine-fab-lab.png 500w\" sizes=\"auto, (max-width: 95px) 100vw, 95px\" \/><\/a><\/strong><\/p>\n<p>&nbsp;<\/p>\n<p><strong>27 f\u00e9vrier 2020<\/strong> : Atelier d\u00e9couverte de la Bobine de 10h \u00e0 11h Rendez-vous\u00a0 6 rue Roger Salengro \u00e0 Auch, dans le b\u00e2timent de l&rsquo;Innoparc. Bulletin inscription :<a href=\"https:\/\/www.rabelais32.org\/wp-content\/uploads\/2020\/02\/BULLETIN-DINSCRIPTION-la-Bobine-27-f\u00e9vrier.pdf\" target=\"_blank\" rel=\"noopener noreferrer\"> <strong>ICI<\/strong><\/a><\/p>\n<p>L&rsquo;atelier d\u00e9couverte est une visite conviviale et participative de La Bobine, Fablab Auch Gers, situ\u00e9e 6 rue Roger Salengro \u00e0 Auch, dans le b\u00e2timent de l&rsquo;Innoparc. C&rsquo;est un lieu d\u00e9di\u00e9 \u00e0 la fabrication num\u00e9rique et la cr\u00e9ation textile ouvert \u00e0 toutes et \u00e0 tous. Lors de l&rsquo;atelier, la fabmanageuse vous pr\u00e9sentera ce qu&rsquo;est un fablab et son fonctionnement. Vous recevrez ensuite un quizz ludique \u00e0 remplir en observant les diff\u00e9rents \u00e9quipements : imprimantes 3D, d\u00e9coupeuse laser, p\u00f4le couture&#8230; Plusieurs d\u00e9monstrations vous seront propos\u00e9es et vous pourrez poser toutes vos questions.<\/p>\n<p>&nbsp;<\/p>\n<p><a href=\"https:\/\/www.rabelais32.org\/wp-content\/uploads\/2020\/01\/dad98582ce43b730b6349471221cadba0c667445_480.jpg\" target=\"_blank\" rel=\"noopener noreferrer\"><img loading=\"lazy\" decoding=\"async\" class=\"wp-image-8091 alignleft\" src=\"https:\/\/www.rabelais32.org\/wp-content\/uploads\/2020\/01\/dad98582ce43b730b6349471221cadba0c667445_480-300x200.jpg\" alt=\"\" width=\"102\" height=\"68\" srcset=\"https:\/\/www.rabelais32.org\/wp-content\/uploads\/2020\/01\/dad98582ce43b730b6349471221cadba0c667445_480-300x200.jpg 300w, https:\/\/www.rabelais32.org\/wp-content\/uploads\/2020\/01\/dad98582ce43b730b6349471221cadba0c667445_480.jpg 480w\" sizes=\"auto, (max-width: 102px) 100vw, 102px\" \/><\/a><\/p>\n<p><strong>Du 28 f\u00e9vrier au 1er mars<\/strong> : s\u00e9jour-raquettes 2020 \u00e0 Cauterets avec guide de montagne accompagnateur. Rappel programme :<a href=\"https:\/\/www.rabelais32.org\/wp-content\/uploads\/2019\/10\/se\u0301jour-raquettes-fevrier-2020.pdf\" target=\"_blank\" rel=\"noopener noreferrer\"> ICI<\/a><\/p>\n<p>&nbsp;<\/p>\n<p>&nbsp;<\/p>\n<p><a href=\"https:\/\/www.rabelais32.org\/wp-content\/uploads\/2020\/02\/crepe@1x.jpg\" target=\"_blank\" rel=\"noopener noreferrer\"><img loading=\"lazy\" decoding=\"async\" class=\"wp-image-8290 alignleft\" src=\"https:\/\/www.rabelais32.org\/wp-content\/uploads\/2020\/02\/crepe@1x-300x206.jpg\" alt=\"\" width=\"114\" height=\"78\" srcset=\"https:\/\/www.rabelais32.org\/wp-content\/uploads\/2020\/02\/crepe@1x-300x206.jpg 300w, https:\/\/www.rabelais32.org\/wp-content\/uploads\/2020\/02\/crepe@1x.jpg 400w\" sizes=\"auto, (max-width: 114px) 100vw, 114px\" \/><\/a><\/p>\n<p><strong>3 mars<\/strong> : Rendez-vous \u00e0 16h pour moment convivial autour de cr\u00eapes et autres gourmandises pour le plaisir d&rsquo;\u00eatre ensemble.<\/p>\n<p>&nbsp;<\/p>\n<p>&nbsp;<\/p>\n<p><strong><a href=\"https:\/\/www.rabelais32.org\/wp-content\/uploads\/2020\/01\/32autoportrait-rolleiflex2.jpg\" target=\"_blank\" rel=\"noopener noreferrer\"><img loading=\"lazy\" decoding=\"async\" class=\"wp-image-8077 alignleft\" src=\"https:\/\/www.rabelais32.org\/wp-content\/uploads\/2020\/01\/32autoportrait-rolleiflex2-229x300.jpg\" alt=\"\" width=\"108\" height=\"141\" srcset=\"https:\/\/www.rabelais32.org\/wp-content\/uploads\/2020\/01\/32autoportrait-rolleiflex2-229x300.jpg 229w, https:\/\/www.rabelais32.org\/wp-content\/uploads\/2020\/01\/32autoportrait-rolleiflex2.jpg 447w\" sizes=\"auto, (max-width: 108px) 100vw, 108px\" \/><\/a><\/strong><\/p>\n<p>&nbsp;<\/p>\n<p><strong>10 mars :<\/strong> Robert DOISNEAU: enfance et jeunesse par R. VAZQUEZ Salle du club \u00e0 14h30<\/p>\n<p>&nbsp;<\/p>\n<p>&nbsp;<\/p>\n<p>&nbsp;<\/p>\n<p>&nbsp;<\/p>\n<p>&nbsp;<\/p>\n<p><strong><a href=\"https:\/\/www.rabelais32.org\/wp-content\/uploads\/2020\/01\/5372708_orig.gif\"><img loading=\"lazy\" decoding=\"async\" class=\"wp-image-8078 alignleft\" src=\"https:\/\/www.rabelais32.org\/wp-content\/uploads\/2020\/01\/5372708_orig-300x133.gif\" alt=\"\" width=\"113\" height=\"50\" \/><\/a>17 mars :<\/strong> R\u00e9union G\u00e9n\u00e9rale au Lyc\u00e9e Pardailhan (d\u00e9jeuner au Restaurant d\u2019Application)\u00a0 inscription obligatoire avant le 25 f\u00e9vrier 2020 : bulletin <a href=\"https:\/\/www.rabelais32.org\/wp-content\/uploads\/2020\/02\/Bulletins-R\u00e9union-G\u00e9n\u00e9rale-au-Lyc\u00e9e-Pardailhan-Information-MAIF.pdf\" target=\"_blank\" rel=\"noopener noreferrer\"><strong>ICI<\/strong><\/a><\/p>\n<p><span style=\"color: #ff0000;\"><strong>Annul\u00e9e pour cause de pand\u00e9mie<\/strong><\/span><\/p>\n<p>&nbsp;<\/p>\n<p>&nbsp;<\/p>\n<p><strong><a href=\"https:\/\/www.rabelais32.org\/wp-content\/uploads\/2020\/01\/752347_jep-visite-guidee-de-la-maison-claude-auge-journees-du-patrimoine-2016.jpg\" target=\"_blank\" rel=\"noopener noreferrer\"><img loading=\"lazy\" decoding=\"async\" class=\"wp-image-8079 alignleft\" src=\"https:\/\/www.rabelais32.org\/wp-content\/uploads\/2020\/01\/752347_jep-visite-guidee-de-la-maison-claude-auge-journees-du-patrimoine-2016-300x199.jpg\" alt=\"\" width=\"117\" height=\"78\" \/><\/a><\/strong><\/p>\n<p><strong>24 mars :<\/strong> Les Vitraux de la Maison Cl. Aug\u00e9 \u00e0 L\u2019Isle -Jourdain par H. ALVADO Salle du club \u00e0 14h30<\/p>\n<p><span style=\"color: #ff0000;\"><strong>Annul\u00e9e pour cause de pand\u00e9mie<\/strong><\/span><\/p>\n<p>&nbsp;<\/p>\n<p>&nbsp;<\/p>\n<p>&nbsp;<\/p>\n<p><a href=\"https:\/\/www.rabelais32.org\/wp-content\/uploads\/2020\/02\/Bandeau-2018_0.jpg\" target=\"_blank\" rel=\"noopener noreferrer\"><img loading=\"lazy\" decoding=\"async\" class=\"wp-image-8287 alignleft\" src=\"https:\/\/www.rabelais32.org\/wp-content\/uploads\/2020\/02\/Bandeau-2018_0-300x182.jpg\" alt=\"\" width=\"125\" height=\"76\" srcset=\"https:\/\/www.rabelais32.org\/wp-content\/uploads\/2020\/02\/Bandeau-2018_0-300x182.jpg 300w, https:\/\/www.rabelais32.org\/wp-content\/uploads\/2020\/02\/Bandeau-2018_0-1024x623.jpg 1024w, https:\/\/www.rabelais32.org\/wp-content\/uploads\/2020\/02\/Bandeau-2018_0-768x467.jpg 768w, https:\/\/www.rabelais32.org\/wp-content\/uploads\/2020\/02\/Bandeau-2018_0-80x50.jpg 80w, https:\/\/www.rabelais32.org\/wp-content\/uploads\/2020\/02\/Bandeau-2018_0.jpg 1299w\" sizes=\"auto, (max-width: 125px) 100vw, 125px\" \/><\/a><\/p>\n<p><strong>31 mars : <\/strong>Information propos\u00e9e par \u00ab\u00a0MAIF Pr\u00e9vention\u00a0\u00bb sur<strong> les risques num\u00e9riques\u00a0 <\/strong><\/p>\n<p>\u00e0 14 h 30 \u00a0au club : inscription obligatoire avant le 25 f\u00e9vrier 2020 ; bulletin : <a href=\"https:\/\/www.rabelais32.org\/wp-content\/uploads\/2020\/02\/Bulletins-R\u00e9union-G\u00e9n\u00e9rale-au-Lyc\u00e9e-Pardailhan-Information-MAIF.pdf\" target=\"_blank\" rel=\"noopener noreferrer\"><strong>ICI<\/strong><\/a><\/p>\n<p style=\"text-align: center;\"><a href=\"https:\/\/www.rabelais32.org\/wp-content\/uploads\/2020\/02\/risques-num\u00e9riques-mailjet.jpg\" target=\"_blank\" rel=\"noopener noreferrer\"><img loading=\"lazy\" decoding=\"async\" class=\"alignnone wp-image-8305\" src=\"https:\/\/www.rabelais32.org\/wp-content\/uploads\/2020\/02\/risques-num\u00e9riques-mailjet-300x225.jpg\" alt=\"\" width=\"331\" height=\"248\" srcset=\"https:\/\/www.rabelais32.org\/wp-content\/uploads\/2020\/02\/risques-num\u00e9riques-mailjet-300x225.jpg 300w, https:\/\/www.rabelais32.org\/wp-content\/uploads\/2020\/02\/risques-num\u00e9riques-mailjet-768x576.jpg 768w, https:\/\/www.rabelais32.org\/wp-content\/uploads\/2020\/02\/risques-num\u00e9riques-mailjet.jpg 1024w\" sizes=\"auto, (max-width: 331px) 100vw, 331px\" \/><\/a><\/p>\n<p style=\"text-align: center;\"><span style=\"color: #800000;\"><strong>Cliquer sur l&rsquo;image pour la voir en grand.<\/strong><\/span><\/p>\n<p><span style=\"color: #ff0000;\"><strong>Annul\u00e9e pour cause de pand\u00e9mie<\/strong><\/span><\/p>\n<p>&nbsp;<\/p>\n<p>&nbsp;<\/p>\n<p>&nbsp;<\/p>\n<p>&nbsp;<\/p>\n","protected":false},"excerpt":{"rendered":"<p>Ann\u00e9e 2023-2024 : La r\u00e9daction des directives anticip\u00e9es &nbsp; &nbsp; Suite \u00e0 l&rsquo;atelier d&rsquo;aide aux directives anticip\u00e9es du mercredi 8 novembre 2023 , Mme Annick\u00a0 Grateloup met \u00e0 la disposition de l&rsquo;ensemble des adh\u00e9rents , toute la documentation qu&rsquo;elle a &hellip; <a href=\"https:\/\/www.rabelais32.org\/index.php\/evenements-a-venir\/\">Lire la suite\u00ad\u00ad<\/a><\/p>\n","protected":false},"author":1,"featured_media":15284,"parent":0,"menu_order":0,"comment_status":"closed","ping_status":"closed","template":"","meta":{"footnotes":""},"class_list":["post-8281","page","type-page","status-publish","has-post-thumbnail","hentry"],"_links":{"self":[{"href":"https:\/\/www.rabelais32.org\/index.php\/wp-json\/wp\/v2\/pages\/8281","targetHints":{"allow":["GET"]}}],"collection":[{"href":"https:\/\/www.rabelais32.org\/index.php\/wp-json\/wp\/v2\/pages"}],"about":[{"href":"https:\/\/www.rabelais32.org\/index.php\/wp-json\/wp\/v2\/types\/page"}],"author":[{"embeddable":true,"href":"https:\/\/www.rabelais32.org\/index.php\/wp-json\/wp\/v2\/users\/1"}],"replies":[{"embeddable":true,"href":"https:\/\/www.rabelais32.org\/index.php\/wp-json\/wp\/v2\/comments?post=8281"}],"version-history":[{"count":30,"href":"https:\/\/www.rabelais32.org\/index.php\/wp-json\/wp\/v2\/pages\/8281\/revisions"}],"predecessor-version":[{"id":13485,"href":"https:\/\/www.rabelais32.org\/index.php\/wp-json\/wp\/v2\/pages\/8281\/revisions\/13485"}],"wp:featuredmedia":[{"embeddable":true,"href":"https:\/\/www.rabelais32.org\/index.php\/wp-json\/wp\/v2\/media\/15284"}],"wp:attachment":[{"href":"https:\/\/www.rabelais32.org\/index.php\/wp-json\/wp\/v2\/media?parent=8281"}],"curies":[{"name":"wp","href":"https:\/\/api.w.org\/{rel}","templated":true}]}}