{"id":78,"date":"2015-12-14T17:21:28","date_gmt":"2015-12-14T17:21:28","guid":{"rendered":"http:\/\/rabelais32.org\/?page_id=78"},"modified":"2021-11-14T15:16:11","modified_gmt":"2021-11-14T14:16:11","slug":"presentation","status":"publish","type":"page","link":"https:\/\/www.rabelais32.org\/index.php\/presentation\/","title":{"rendered":"Pr\u00e9sentation"},"content":{"rendered":"<p>Le club des retrait\u00e9s a \u00e9t\u00e9 fond\u00e9 en 1986. C\u2019est un lieu de rencontres, pour cr\u00e9er et maintenir les liens sociaux, apr\u00e8s la vie professionnelle.<\/p>\n<p>Le club offre 14 activit\u00e9s. Vous pouvez vous inscrire \u00e0 une ou plusieurs.<\/p>\n<p>Elles sont toutes assur\u00e9es par des membres b\u00e9n\u00e9voles du club.<\/p>\n<p>Nous sommes un <b>service de la Mutuelle<\/b>.<\/p>\n<p><strong>Club Sant\u00e9 Seniors Rabelais 32<\/strong><\/p>\n<p><strong>1 Avenue d&rsquo;Alsace, Bat B RDC 32000 AUCH<\/strong><\/p>\n<p><strong>\u00a0Mail : retraitesmgen32@orange.fr<\/strong><\/p>\n<p><strong>Site : www.rabelais32.org<\/strong><\/p>\n<p><strong>Ferm\u00e9 pendant les vacances<\/strong><\/p>\n<p style=\"text-align: left;\"><strong>T\u00e9l: 05 62 63 56 44 (r\u00e9pondeur)<br \/>\n<\/strong><\/p>\n<p><strong><span style=\"color: #800000;\">COMPOSITION\u00a0\u00a0 DE L&rsquo;\u00c9QUIPE D&rsquo;ANIMATION<\/span> : <a href=\"https:\/\/www.rabelais32.org\/index.php\/presentation\/le-bureau\/\" target=\"_blank\" rel=\"noopener noreferrer\">ICI<\/a><br \/>\n<\/strong><\/p>\n<p><strong><span style=\"color: #800000;\">CONTACT<\/span> : <a href=\"https:\/\/www.rabelais32.org\/index.php\/presentation\/contact\/\" target=\"_blank\" rel=\"noopener noreferrer\">ICI<\/a><\/strong><\/p>\n<p><strong><em><span style=\"color: #ff0000;\">En raison de la pand\u00e9mie les activit\u00e9s du club en pr\u00e9sentiel peuvent reprendre avec respect des gestes barri\u00e8res .<br \/>\n<\/span><\/em><\/strong><\/p>\n<hr \/>\n<p>&nbsp;<\/p>\n<p>&nbsp;<\/p>\n<p>&nbsp;<\/p>\n","protected":false},"excerpt":{"rendered":"<p>Le club des retrait\u00e9s a \u00e9t\u00e9 fond\u00e9 en 1986. C\u2019est un lieu de rencontres, pour cr\u00e9er et maintenir les liens sociaux, apr\u00e8s la vie professionnelle. Le club offre 14 activit\u00e9s. Vous pouvez vous inscrire \u00e0 une ou plusieurs. Elles sont &hellip; <a href=\"https:\/\/www.rabelais32.org\/index.php\/presentation\/\">Lire la suite\u00ad\u00ad<\/a><\/p>\n","protected":false},"author":1,"featured_media":1447,"parent":0,"menu_order":0,"comment_status":"closed","ping_status":"closed","template":"","meta":{"footnotes":""},"class_list":["post-78","page","type-page","status-publish","has-post-thumbnail","hentry"],"_links":{"self":[{"href":"https:\/\/www.rabelais32.org\/index.php\/wp-json\/wp\/v2\/pages\/78","targetHints":{"allow":["GET"]}}],"collection":[{"href":"https:\/\/www.rabelais32.org\/index.php\/wp-json\/wp\/v2\/pages"}],"about":[{"href":"https:\/\/www.rabelais32.org\/index.php\/wp-json\/wp\/v2\/types\/page"}],"author":[{"embeddable":true,"href":"https:\/\/www.rabelais32.org\/index.php\/wp-json\/wp\/v2\/users\/1"}],"replies":[{"embeddable":true,"href":"https:\/\/www.rabelais32.org\/index.php\/wp-json\/wp\/v2\/comments?post=78"}],"version-history":[{"count":41,"href":"https:\/\/www.rabelais32.org\/index.php\/wp-json\/wp\/v2\/pages\/78\/revisions"}],"predecessor-version":[{"id":11191,"href":"https:\/\/www.rabelais32.org\/index.php\/wp-json\/wp\/v2\/pages\/78\/revisions\/11191"}],"wp:featuredmedia":[{"embeddable":true,"href":"https:\/\/www.rabelais32.org\/index.php\/wp-json\/wp\/v2\/media\/1447"}],"wp:attachment":[{"href":"https:\/\/www.rabelais32.org\/index.php\/wp-json\/wp\/v2\/media?parent=78"}],"curies":[{"name":"wp","href":"https:\/\/api.w.org\/{rel}","templated":true}]}}