{"id":7504,"date":"2019-09-03T14:56:14","date_gmt":"2019-09-03T12:56:14","guid":{"rendered":"https:\/\/www.rabelais32.org\/?page_id=7504"},"modified":"2026-01-26T16:39:32","modified_gmt":"2026-01-26T15:39:32","slug":"tricotage","status":"publish","type":"page","link":"https:\/\/www.rabelais32.org\/index.php\/activites\/ateliers\/tricotage\/","title":{"rendered":"Tricotage"},"content":{"rendered":"<p><a href=\"https:\/\/www.rabelais32.org\/wp-content\/uploads\/2019\/09\/bienfaits-sante-du-tricotage-maison-7256.jpg\" target=\"_blank\" rel=\"noopener noreferrer\"><img loading=\"lazy\" decoding=\"async\" class=\"size-medium wp-image-7505 alignleft\" src=\"https:\/\/www.rabelais32.org\/wp-content\/uploads\/2019\/09\/bienfaits-sante-du-tricotage-maison-7256-300x168.jpg\" alt=\"\" width=\"300\" height=\"168\" srcset=\"https:\/\/www.rabelais32.org\/wp-content\/uploads\/2019\/09\/bienfaits-sante-du-tricotage-maison-7256-300x168.jpg 300w, https:\/\/www.rabelais32.org\/wp-content\/uploads\/2019\/09\/bienfaits-sante-du-tricotage-maison-7256.jpg 680w\" sizes=\"auto, (max-width: 300px) 100vw, 300px\" \/><\/a> <a href=\"https:\/\/www.rabelais32.org\/wp-content\/uploads\/2019\/09\/fil-a-tricoter-de-tricotage-de-laine-de-soie-natur.jpg\" target=\"_blank\" rel=\"noopener noreferrer\"><img loading=\"lazy\" decoding=\"async\" class=\" wp-image-7506 alignleft\" src=\"https:\/\/www.rabelais32.org\/wp-content\/uploads\/2019\/09\/fil-a-tricoter-de-tricotage-de-laine-de-soie-natur-300x300.jpg\" alt=\"\" width=\"252\" height=\"252\" srcset=\"https:\/\/www.rabelais32.org\/wp-content\/uploads\/2019\/09\/fil-a-tricoter-de-tricotage-de-laine-de-soie-natur-300x300.jpg 300w, https:\/\/www.rabelais32.org\/wp-content\/uploads\/2019\/09\/fil-a-tricoter-de-tricotage-de-laine-de-soie-natur-150x150.jpg 150w, https:\/\/www.rabelais32.org\/wp-content\/uploads\/2019\/09\/fil-a-tricoter-de-tricotage-de-laine-de-soie-natur.jpg 700w\" sizes=\"auto, (max-width: 252px) 100vw, 252px\" \/><\/a> <a href=\"https:\/\/www.rabelais32.org\/wp-content\/uploads\/2019\/09\/poncho1.jpg\" target=\"_blank\" rel=\"noopener noreferrer\"><img loading=\"lazy\" decoding=\"async\" class=\"size-medium wp-image-7507 alignleft\" src=\"https:\/\/www.rabelais32.org\/wp-content\/uploads\/2019\/09\/poncho1-228x300.jpg\" alt=\"\" width=\"228\" height=\"300\" srcset=\"https:\/\/www.rabelais32.org\/wp-content\/uploads\/2019\/09\/poncho1-228x300.jpg 228w, https:\/\/www.rabelais32.org\/wp-content\/uploads\/2019\/09\/poncho1-768x1011.jpg 768w, https:\/\/www.rabelais32.org\/wp-content\/uploads\/2019\/09\/poncho1-778x1024.jpg 778w, https:\/\/www.rabelais32.org\/wp-content\/uploads\/2019\/09\/poncho1.jpg 1215w\" sizes=\"auto, (max-width: 228px) 100vw, 228px\" \/><\/a><\/p>\n<p>&nbsp;<\/p>\n<p>&nbsp;<\/p>\n<p>&nbsp;<\/p>\n<p>&nbsp;<\/p>\n<p>&nbsp;<\/p>\n<p>&nbsp;<\/p>\n<p>&nbsp;<\/p>\n<p>&nbsp;<\/p>\n<p>&nbsp;<\/p>\n<p>&nbsp;<\/p>\n<p><strong>Atelier anim\u00e9 par Mich\u00e8le BOUB\u00c9E et Janine bAUDET le 1er lundi de chaque mois salle du club \u00e0 14h30<\/strong><\/p>\n","protected":false},"excerpt":{"rendered":"<p>&nbsp; &nbsp; &nbsp; &nbsp; &nbsp; &nbsp; &nbsp; &nbsp; &nbsp; &nbsp; Atelier anim\u00e9 par Mich\u00e8le BOUB\u00c9E et Janine bAUDET le 1er lundi de chaque mois salle du club \u00e0 14h30<\/p>\n","protected":false},"author":1,"featured_media":15286,"parent":84,"menu_order":0,"comment_status":"closed","ping_status":"closed","template":"","meta":{"footnotes":""},"class_list":["post-7504","page","type-page","status-publish","has-post-thumbnail","hentry"],"_links":{"self":[{"href":"https:\/\/www.rabelais32.org\/index.php\/wp-json\/wp\/v2\/pages\/7504","targetHints":{"allow":["GET"]}}],"collection":[{"href":"https:\/\/www.rabelais32.org\/index.php\/wp-json\/wp\/v2\/pages"}],"about":[{"href":"https:\/\/www.rabelais32.org\/index.php\/wp-json\/wp\/v2\/types\/page"}],"author":[{"embeddable":true,"href":"https:\/\/www.rabelais32.org\/index.php\/wp-json\/wp\/v2\/users\/1"}],"replies":[{"embeddable":true,"href":"https:\/\/www.rabelais32.org\/index.php\/wp-json\/wp\/v2\/comments?post=7504"}],"version-history":[{"count":6,"href":"https:\/\/www.rabelais32.org\/index.php\/wp-json\/wp\/v2\/pages\/7504\/revisions"}],"predecessor-version":[{"id":15828,"href":"https:\/\/www.rabelais32.org\/index.php\/wp-json\/wp\/v2\/pages\/7504\/revisions\/15828"}],"up":[{"embeddable":true,"href":"https:\/\/www.rabelais32.org\/index.php\/wp-json\/wp\/v2\/pages\/84"}],"wp:featuredmedia":[{"embeddable":true,"href":"https:\/\/www.rabelais32.org\/index.php\/wp-json\/wp\/v2\/media\/15286"}],"wp:attachment":[{"href":"https:\/\/www.rabelais32.org\/index.php\/wp-json\/wp\/v2\/media?parent=7504"}],"curies":[{"name":"wp","href":"https:\/\/api.w.org\/{rel}","templated":true}]}}