{"id":736,"date":"2016-01-30T17:09:18","date_gmt":"2016-01-30T17:09:18","guid":{"rendered":"http:\/\/rabelais32.org\/?page_id=736"},"modified":"2026-01-26T16:33:18","modified_gmt":"2026-01-26T15:33:18","slug":"bibliotheque","status":"publish","type":"page","link":"https:\/\/www.rabelais32.org\/index.php\/activites\/ateliers\/bibliotheque\/","title":{"rendered":"Biblioth\u00e8que"},"content":{"rendered":"<p><a href=\"http:\/\/rabelais32.org\/wp-content\/uploads\/2016\/01\/shutterstock_140186863-1000x800.jpg\" target=\"_blank\" rel=\"attachment noopener wp-att-741 noreferrer\"><img loading=\"lazy\" decoding=\"async\" class=\" wp-image-741 alignleft\" src=\"http:\/\/rabelais32.org\/wp-content\/uploads\/2016\/01\/shutterstock_140186863-1000x800-300x240.jpg\" alt=\"shutterstock_140186863-1000x800\" width=\"304\" height=\"243\" srcset=\"https:\/\/www.rabelais32.org\/wp-content\/uploads\/2016\/01\/shutterstock_140186863-1000x800-300x240.jpg 300w, https:\/\/www.rabelais32.org\/wp-content\/uploads\/2016\/01\/shutterstock_140186863-1000x800-768x614.jpg 768w, https:\/\/www.rabelais32.org\/wp-content\/uploads\/2016\/01\/shutterstock_140186863-1000x800.jpg 800w\" sizes=\"auto, (max-width: 304px) 100vw, 304px\" \/><\/a><\/p>\n<p><a href=\"http:\/\/rabelais32.org\/wp-content\/uploads\/2016\/01\/st-dizant-bibliotheque-218x218.jpg\" target=\"_blank\" rel=\"attachment noopener wp-att-740 noreferrer\"><img loading=\"lazy\" decoding=\"async\" class=\"wp-image-740 alignright\" src=\"http:\/\/rabelais32.org\/wp-content\/uploads\/2016\/01\/st-dizant-bibliotheque-218x218.jpg\" alt=\"st-dizant-bibliotheque-218x218\" width=\"242\" height=\"242\" srcset=\"https:\/\/www.rabelais32.org\/wp-content\/uploads\/2016\/01\/st-dizant-bibliotheque-218x218.jpg 200w, https:\/\/www.rabelais32.org\/wp-content\/uploads\/2016\/01\/st-dizant-bibliotheque-218x218-150x150.jpg 150w\" sizes=\"auto, (max-width: 242px) 100vw, 242px\" \/><\/a><\/p>\n<p>&nbsp;<\/p>\n<p>&nbsp;<\/p>\n<p>&nbsp;<\/p>\n<p>Des livres \u00e0 votre disposition, ils sont vieux ou r\u00e9cents, classiques ou non, une fiche \u00e0 remplir, \u00e0 d\u00e9poser et \u00e0 remettre dans le livre lorsque vous le rendez en le rangeant d\u2019apr\u00e8s son num\u00e9ro d\u2019inventaire.<br \/>\nEt pour les yeux fatigu\u00e9s, \u00ab Large Vision \u00bb pense \u00e0 vous, caract\u00e8res choisis pour leur tr\u00e8s grande visibilit\u00e9, papier anti reflets, ouverture \u00e0 plat des ouvrages et mise en page a\u00e9r\u00e9e, sujets nombreux et vari\u00e9s.<\/p>\n<p><em><strong><span style=\"color: #800000;\">Ann\u00e9e 2025-2026 :<\/span><\/strong><\/em><\/p>\n<p><strong>Acquisitions d\u00e9cembre 2025 : liste et r\u00e9sum\u00e9s :<\/strong><a href=\"https:\/\/www.rabelais32.org\/wp-content\/uploads\/2026\/01\/Acquisitions-bibliotheque.pdf\" target=\"_blank\" rel=\"noopener\"> ICI<\/a><\/p>\n<p>&nbsp;<\/p>\n<p>&nbsp;<\/p>\n<p><em><strong><span style=\"color: #800000;\">Ann\u00e9e 2024-2025 :<\/span><\/strong><\/em><\/p>\n<p><strong>Acquisitions d\u00e9cembre 2024 : liste et r\u00e9sum\u00e9s :\u00a0<a href=\"https:\/\/www.rabelais32.org\/wp-content\/uploads\/2025\/01\/nouveaux-livres.pdf\" target=\"_blank\" rel=\"noopener\"> ICI<\/a><\/strong><\/p>\n<p><strong>\u00a0 \u00a0 \u00a0 \u00a0 \u00a0 \u00a0 \u00a0 \u00a0 \u00a0 \u00a0 \u00a0 \u00a0 \u00a0 \u00a0 \u00a0 \u00a0 \u00a0 \u00a0 \u00a0 \u00a0 \u00a0 \u00a0 \u00a0 \u00a0 \u00a0 \u00a0 \u00a0 \u00a0 \u00a0 \u00a0 \u00a0 \u00a0 \u00a0 \u00a0 \u00a0 \u00a0 \u00a0\u00a0 et<a href=\"https:\/\/www.rabelais32.org\/wp-content\/uploads\/2025\/01\/Livres-SUITE.pdf\" target=\"_blank\" rel=\"noopener\"> ICI<\/a><\/strong><\/p>\n<p>&nbsp;<\/p>\n<p><a href=\"http:\/\/rabelais32.org\/wp-content\/uploads\/2016\/01\/c_jrwasserman_-_fotolia.com_.jpg\" target=\"_blank\" rel=\"attachment noopener wp-att-838 noreferrer\"><img loading=\"lazy\" decoding=\"async\" class=\"size-medium wp-image-838 aligncenter\" src=\"http:\/\/rabelais32.org\/wp-content\/uploads\/2016\/01\/c_jrwasserman_-_fotolia.com_-300x200.jpg\" alt=\"c_jrwasserman_-_fotolia.com_\" width=\"300\" height=\"200\" srcset=\"https:\/\/www.rabelais32.org\/wp-content\/uploads\/2016\/01\/c_jrwasserman_-_fotolia.com_-300x200.jpg 300w, https:\/\/www.rabelais32.org\/wp-content\/uploads\/2016\/01\/c_jrwasserman_-_fotolia.com_.jpg 383w\" sizes=\"auto, (max-width: 300px) 100vw, 300px\" \/><\/a><\/p>\n","protected":false},"excerpt":{"rendered":"<p>&nbsp; &nbsp; &nbsp; Des livres \u00e0 votre disposition, ils sont vieux ou r\u00e9cents, classiques ou non, une fiche \u00e0 remplir, \u00e0 d\u00e9poser et \u00e0 remettre dans le livre lorsque vous le rendez en le rangeant d\u2019apr\u00e8s son num\u00e9ro d\u2019inventaire. Et &hellip; <a href=\"https:\/\/www.rabelais32.org\/index.php\/activites\/ateliers\/bibliotheque\/\">Lire la suite\u00ad\u00ad<\/a><\/p>\n","protected":false},"author":1,"featured_media":740,"parent":84,"menu_order":0,"comment_status":"closed","ping_status":"closed","template":"","meta":{"footnotes":""},"class_list":["post-736","page","type-page","status-publish","has-post-thumbnail","hentry"],"_links":{"self":[{"href":"https:\/\/www.rabelais32.org\/index.php\/wp-json\/wp\/v2\/pages\/736","targetHints":{"allow":["GET"]}}],"collection":[{"href":"https:\/\/www.rabelais32.org\/index.php\/wp-json\/wp\/v2\/pages"}],"about":[{"href":"https:\/\/www.rabelais32.org\/index.php\/wp-json\/wp\/v2\/types\/page"}],"author":[{"embeddable":true,"href":"https:\/\/www.rabelais32.org\/index.php\/wp-json\/wp\/v2\/users\/1"}],"replies":[{"embeddable":true,"href":"https:\/\/www.rabelais32.org\/index.php\/wp-json\/wp\/v2\/comments?post=736"}],"version-history":[{"count":18,"href":"https:\/\/www.rabelais32.org\/index.php\/wp-json\/wp\/v2\/pages\/736\/revisions"}],"predecessor-version":[{"id":15826,"href":"https:\/\/www.rabelais32.org\/index.php\/wp-json\/wp\/v2\/pages\/736\/revisions\/15826"}],"up":[{"embeddable":true,"href":"https:\/\/www.rabelais32.org\/index.php\/wp-json\/wp\/v2\/pages\/84"}],"wp:featuredmedia":[{"embeddable":true,"href":"https:\/\/www.rabelais32.org\/index.php\/wp-json\/wp\/v2\/media\/740"}],"wp:attachment":[{"href":"https:\/\/www.rabelais32.org\/index.php\/wp-json\/wp\/v2\/media?parent=736"}],"curies":[{"name":"wp","href":"https:\/\/api.w.org\/{rel}","templated":true}]}}