{"id":631,"date":"2016-01-23T15:14:20","date_gmt":"2016-01-23T15:14:20","guid":{"rendered":"http:\/\/rabelais32.org\/?page_id=631"},"modified":"2016-03-21T17:29:22","modified_gmt":"2016-03-21T17:29:22","slug":"jardins-naturels","status":"publish","type":"page","link":"https:\/\/www.rabelais32.org\/index.php\/jardins-naturels\/","title":{"rendered":"Nature et jardin"},"content":{"rendered":"<p><strong>Philosophie<\/strong><\/p>\n<p>Le jardin sauvage, qualifi\u00e9 \u00e9galement de <a href=\"http:\/\/www.gerbeaud.com\/jardin\/fiches\/theme_fiches.php3?id_theme=18\" target=\"_blank\"><strong>jardin naturel<\/strong><\/a>, est l\u2019expression d\u2019un choix visant \u00e0 privil\u00e9gier la conservation d\u2019espaces naturels et la <strong>biodiversit\u00e9.<\/strong> Le choix de conserver ou construire un jardin sauvage vient souvent d\u2019une prise de conscience, et se traduit par une d\u00e9marche militante que l\u2019on retrouve dans de nombreuses associations de jardiniers \u00e9cologiques.<\/p>\n<p>Les principes du jardin sauvage visent \u00e0 pr\u00e9f\u00e9rer la sociabilit\u00e9 des plantes, plut\u00f4t que l\u2019harmonie de couleurs ou de fleurs qui n\u2019a pas de r\u00e9alit\u00e9 dans la nature. Favoriser un biotope destin\u00e9 \u00e0 mettre en harmonie v\u00e9g\u00e9taux et animaux est le principe fondateur. Pour favoriser cet environnement, il est exclu d\u2019utiliser des produits chimiques : le respect de la flore sauvage favorise la p\u00e9rennit\u00e9 des insectes<\/p>\n<p>.Pour cr\u00e9er un jardin sauvage, il faut accepter la libert\u00e9 de la nature. La v\u00e9g\u00e9tation c\u00f4toie les constructions, <a href=\"http:\/\/www.gerbeaud.com\/jardin\/fiches\/murets-au-jardin,1131.html\" target=\"_blank\"><strong>murets<\/strong><\/a>, cl\u00f4tures, il n\u2019y a pas de rupture entre jardin et maison. Un <a href=\"http:\/\/www.gerbeaud.com\/jardin\/jardinage_naturel\/bois-mort-au-jardin,1322.html\" target=\"_blank\"><strong>tas de bois<\/strong><\/a> ou de feuilles, <a href=\"http:\/\/www.gerbeaud.com\/jardin\/fiches\/eliminer-une-souche.php\" target=\"_blank\"><strong>une souche<\/strong><\/a>, une <a href=\"http:\/\/www.gerbeaud.com\/tag\/rocaille\" target=\"_blank\"><strong>rocaille<\/strong><\/a> sont autant d\u2019abris pour la faune, m\u00eame si cela donne une impression de laisser aller.<\/p>\n<p><strong><a href=\"http:\/\/rabelais32.org\/wp-content\/uploads\/2016\/01\/herisson.jpg\" target=\"_blank\" rel=\"attachment wp-att-605\"><img loading=\"lazy\" decoding=\"async\" class=\"alignnone size-medium wp-image-605\" src=\"http:\/\/rabelais32.org\/wp-content\/uploads\/2016\/01\/herisson-300x225.jpg\" alt=\"herisson\" width=\"300\" height=\"225\" \/><\/a><\/strong><\/p>\n<p>&nbsp;<\/p>\n<h4><strong>\u00ab\u00a0Faire un Jardin Naturel, c\u2019est privil\u00e9gier <\/strong><strong>la vie\u00a0\u00bb (Dany DUBOS)<\/strong><\/h4>\n<p><strong>\u00a0Cinq grands principes de base<\/strong> sont \u00e0 respecter lorsque l&rsquo;on veut cr\u00e9er un jardin naturel.<\/p>\n<p><strong>1) Renoncer aux produits chimiques<\/strong><\/p>\n<p>Les herbicides et pesticides&#8230; Ces produits laissent g\u00e9n\u00e9ralement des r\u00e9sidus toxiques dans l\u2019environnement. De plus, ils rompent les \u00e9quilibres naturels du milieu, qui permettent souvent \u00e0 terme, d\u2019enrayer un d\u00e9s\u00e9quilibre ponctuel caus\u00e9 par exemple par l\u2019attaque de parasites.<\/p>\n<p>Si une intervention est vraiment n\u00e9cessaire, pr\u00e9f\u00e9rez les techniques manuelles ou les produits biologiques.<\/p>\n<p>Et les engrais ? Une plante indig\u00e8ne dans son milieu ne n\u00e9cessite aucun apport d\u2019engrais. R\u00e9servez un apport en compost (engrais naturel) aux plantes exigeantes pour lesquelles la productivit\u00e9 est importante telles que les arbres fruitiers et les l\u00e9gumes.<\/p>\n<p><strong>2) Pr\u00e9f\u00e9rer les esp\u00e8ces indig\u00e8nes<\/strong><\/p>\n<h4><\/h4>\n<p>Certaines plantes poussent naturellement dans la r\u00e9gion: ce sont les esp\u00e8ces indig\u00e8nes.<\/p>\n<p>Pourquoi sont-elles int\u00e9ressantes ? Parce qu\u2019ellessont mieux adapt\u00e9es au climat et aux types de sol locaux. Elles sont donc plus r\u00e9sistantes. Parce qu\u2019elles sont pr\u00e9sentes depuis longtemps et ont \u00e9volu\u00e9 en m\u00eame temps que la faune locale. Les plantes fournissent abris et nourriture \u00e0 de nombreux insectes et oiseaux. R\u00e9ciproquement, cette faune participe \u00e0 la pollinisation des fleurs et \u00e0 la dispersion des graines. <strong>Laisser place \u00e0 la spontan\u00e9it\u00e9<\/strong><\/p>\n<p>Choisir de favoriser les esp\u00e8ces indig\u00e8nes implique que l\u2019on admette la spontan\u00e9it\u00e9 : laisser pousser les plantes arriv\u00e9es d\u2019elles-m\u00eames avant de d\u00e9cider si l\u2019on va les garder ou non, mais aussi renoncer \u00e0 s\u2019obstiner \u00e0 faire pousser certaines plantes \u00e0 tel ou tel endroit du jardin.<\/p>\n<p>Un petit coup de pouce peut s&rsquo;av\u00e9rer n\u00e9cessaire pour la haie ou le bosquet d\u2019esp\u00e8ces indig\u00e8nes que vous planterez vous-m\u00eame en respectant quelques principes.<\/p>\n<p>Pour les animaux sauvages, pas question de les introduire. Ils viendront d\u2019eux m\u00eame si le jardin leur convient.<\/p>\n<p><strong>4) Ne pas laisser se d\u00e9velopper les esp\u00e8ces exotiques invasives<\/strong><\/p>\n<p>Dans le R\u00e9seau Nature, sont consid\u00e9res comme plantes invasives la <strong>renou\u00e9e du Japon<\/strong>, la <strong>berce du Caucase<\/strong> et la <strong>balsamine de l&rsquo;Himalaya<\/strong>. Consultez les fiches descriptives de ces esp\u00e8ces\u00a0et\u00a0les moyens de lutte sur le<\/p>\n<p><strong>5) Ne pas exercer des activit\u00e9s entra\u00eenant la destruction des milieux naturels<\/strong><\/p>\n<p>Sont vis\u00e9s, les remblais, les d\u00e9charges sauvages, le d\u00e9versement incontr\u00f4l\u00e9 d&rsquo;eaux us\u00e9es, l&rsquo;ass\u00e8chement des zones humides, ainsi que toute autre activit\u00e9 pouvant alt\u00e9rer le milieu.<\/p>\n<h4><strong><a href=\"http:\/\/rabelais32.org\/wp-content\/uploads\/2016\/01\/jardin.jpg\" target=\"_blank\" rel=\"attachment wp-att-613\"><img loading=\"lazy\" decoding=\"async\" class=\"alignnone size-medium wp-image-613\" src=\"http:\/\/rabelais32.org\/wp-content\/uploads\/2016\/01\/jardin-300x225.jpg\" alt=\"jardin\" width=\"300\" height=\"225\" srcset=\"https:\/\/www.rabelais32.org\/wp-content\/uploads\/2016\/01\/jardin-300x225.jpg 300w, https:\/\/www.rabelais32.org\/wp-content\/uploads\/2016\/01\/jardin.jpg 450w\" sizes=\"auto, (max-width: 300px) 100vw, 300px\" \/><\/a><\/strong><\/h4>\n","protected":false},"excerpt":{"rendered":"<p>Philosophie Le jardin sauvage, qualifi\u00e9 \u00e9galement de jardin naturel, est l\u2019expression d\u2019un choix visant \u00e0 privil\u00e9gier la conservation d\u2019espaces naturels et la biodiversit\u00e9. Le choix de conserver ou construire un jardin sauvage vient souvent d\u2019une prise de conscience, et se &hellip; <a href=\"https:\/\/www.rabelais32.org\/index.php\/jardins-naturels\/\">Lire la suite\u00ad\u00ad<\/a><\/p>\n","protected":false},"author":1,"featured_media":1455,"parent":0,"menu_order":0,"comment_status":"closed","ping_status":"closed","template":"","meta":{"footnotes":""},"class_list":["post-631","page","type-page","status-publish","has-post-thumbnail","hentry"],"_links":{"self":[{"href":"https:\/\/www.rabelais32.org\/index.php\/wp-json\/wp\/v2\/pages\/631","targetHints":{"allow":["GET"]}}],"collection":[{"href":"https:\/\/www.rabelais32.org\/index.php\/wp-json\/wp\/v2\/pages"}],"about":[{"href":"https:\/\/www.rabelais32.org\/index.php\/wp-json\/wp\/v2\/types\/page"}],"author":[{"embeddable":true,"href":"https:\/\/www.rabelais32.org\/index.php\/wp-json\/wp\/v2\/users\/1"}],"replies":[{"embeddable":true,"href":"https:\/\/www.rabelais32.org\/index.php\/wp-json\/wp\/v2\/comments?post=631"}],"version-history":[{"count":7,"href":"https:\/\/www.rabelais32.org\/index.php\/wp-json\/wp\/v2\/pages\/631\/revisions"}],"predecessor-version":[{"id":1509,"href":"https:\/\/www.rabelais32.org\/index.php\/wp-json\/wp\/v2\/pages\/631\/revisions\/1509"}],"wp:featuredmedia":[{"embeddable":true,"href":"https:\/\/www.rabelais32.org\/index.php\/wp-json\/wp\/v2\/media\/1455"}],"wp:attachment":[{"href":"https:\/\/www.rabelais32.org\/index.php\/wp-json\/wp\/v2\/media?parent=631"}],"curies":[{"name":"wp","href":"https:\/\/api.w.org\/{rel}","templated":true}]}}