{"id":5925,"date":"2018-04-28T15:58:30","date_gmt":"2018-04-28T13:58:30","guid":{"rendered":"https:\/\/www.rabelais32.org\/?page_id=5925"},"modified":"2025-05-01T17:23:50","modified_gmt":"2025-05-01T15:23:50","slug":"le-bureau","status":"publish","type":"page","link":"https:\/\/www.rabelais32.org\/index.php\/presentation\/le-bureau\/","title":{"rendered":"L&rsquo;\u00c9QUIPE D&rsquo;ANIMATION"},"content":{"rendered":"<p><strong><span style=\"color: #800000;\">COMPOSITION DE L&rsquo;\u00c9QUIPE D&rsquo;ANIMATION :<\/span><br \/>\n<\/strong><\/p>\n<p>&nbsp;<\/p>\n<p><b>R\u00c9F\u00c9RENTE MGEN : Maryse\u00a0 <\/b><b>LACAZE<\/b><\/p>\n<p><u><b>R\u00c9F\u00c9RENTS COORDONNATEURS <\/b><\/u><b>: <\/b><\/p>\n<p><b>VIE DU CLUB : Jean <\/b><b>Louis BARON<\/b><\/p>\n<p><b>COORDONNATEUR <\/b><b>FINANCIER\u00a0: Jean Paul RANSAN,<\/b><\/p>\n<p><b>ADJOINT <\/b><b>: <\/b><b>Jean Louis <\/b><b>BARON.<\/b><\/p>\n<p><b>COMMUNICATION <\/b><b>,\u00a0 INFORMATION :\u00a0 Nicole TOURNIER, <\/b><b>Monique <\/b><b>CARRERE, Christiane DESLATTES<br \/>\n<\/b><\/p>\n<p><b>COORDONNATRICES <\/b><b>MGEN-2FOPEN : Monique CARRERE ; Christiane DESLATTES<br \/>\n<\/b><\/p>\n<p><u><b>MEMBRES <\/b><\/u><u><b>\u00a0:<\/b><\/u><\/p>\n<p><strong>Martine COUZINET<\/strong><\/p>\n<p><strong>Josette CLAMENS<\/strong><\/p>\n<p><b>Sylvie JOLIVET<\/b><\/p>\n<p><b>Anne Marie LEPAPE\u00a0 <\/b><\/p>\n<p>&nbsp;<\/p>\n<p>&nbsp;<\/p>\n<p><strong>Comit\u00e9 de Gestion :\u00a0 Jean-Louis BARON, Jean Paul RANSAN, Nicole TOURNIER , Monique CARRERE, Christiane DESLATTES, Maryse LACAZE<\/strong><\/p>\n","protected":false},"excerpt":{"rendered":"<p>COMPOSITION DE L&rsquo;\u00c9QUIPE D&rsquo;ANIMATION : &nbsp; R\u00c9F\u00c9RENTE MGEN : Maryse\u00a0 LACAZE R\u00c9F\u00c9RENTS COORDONNATEURS : VIE DU CLUB : Jean Louis BARON COORDONNATEUR FINANCIER\u00a0: Jean Paul RANSAN, ADJOINT : Jean Louis BARON. COMMUNICATION ,\u00a0 INFORMATION :\u00a0 Nicole TOURNIER, Monique CARRERE, Christiane &hellip; <a href=\"https:\/\/www.rabelais32.org\/index.php\/presentation\/le-bureau\/\">Lire la suite\u00ad\u00ad<\/a><\/p>\n","protected":false},"author":1,"featured_media":0,"parent":78,"menu_order":0,"comment_status":"closed","ping_status":"closed","template":"","meta":{"footnotes":""},"class_list":["post-5925","page","type-page","status-publish","hentry"],"_links":{"self":[{"href":"https:\/\/www.rabelais32.org\/index.php\/wp-json\/wp\/v2\/pages\/5925","targetHints":{"allow":["GET"]}}],"collection":[{"href":"https:\/\/www.rabelais32.org\/index.php\/wp-json\/wp\/v2\/pages"}],"about":[{"href":"https:\/\/www.rabelais32.org\/index.php\/wp-json\/wp\/v2\/types\/page"}],"author":[{"embeddable":true,"href":"https:\/\/www.rabelais32.org\/index.php\/wp-json\/wp\/v2\/users\/1"}],"replies":[{"embeddable":true,"href":"https:\/\/www.rabelais32.org\/index.php\/wp-json\/wp\/v2\/comments?post=5925"}],"version-history":[{"count":25,"href":"https:\/\/www.rabelais32.org\/index.php\/wp-json\/wp\/v2\/pages\/5925\/revisions"}],"predecessor-version":[{"id":15222,"href":"https:\/\/www.rabelais32.org\/index.php\/wp-json\/wp\/v2\/pages\/5925\/revisions\/15222"}],"up":[{"embeddable":true,"href":"https:\/\/www.rabelais32.org\/index.php\/wp-json\/wp\/v2\/pages\/78"}],"wp:attachment":[{"href":"https:\/\/www.rabelais32.org\/index.php\/wp-json\/wp\/v2\/media?parent=5925"}],"curies":[{"name":"wp","href":"https:\/\/api.w.org\/{rel}","templated":true}]}}