{"id":561,"date":"2016-01-18T16:43:31","date_gmt":"2016-01-18T16:43:31","guid":{"rendered":"http:\/\/rabelais32.org\/?page_id=561"},"modified":"2023-11-25T19:21:40","modified_gmt":"2023-11-25T18:21:40","slug":"couture","status":"publish","type":"page","link":"https:\/\/www.rabelais32.org\/index.php\/activites\/ateliers\/couture\/","title":{"rendered":"Couture"},"content":{"rendered":"<p>Atelier Couture : les Cousettes<\/p>\n<p><a href=\"http:\/\/rabelais32.org\/wp-content\/uploads\/2016\/01\/ATELIER-COUTURE-007.jpg\" target=\"_blank\" rel=\"attachment wp-att-586 noopener noreferrer\"><img loading=\"lazy\" decoding=\"async\" class=\"alignnone wp-image-586\" src=\"http:\/\/rabelais32.org\/wp-content\/uploads\/2016\/01\/ATELIER-COUTURE-007-300x225.jpg\" alt=\"ATELIER COUTURE 007\" width=\"331\" height=\"248\" srcset=\"https:\/\/www.rabelais32.org\/wp-content\/uploads\/2016\/01\/ATELIER-COUTURE-007-300x225.jpg 300w, https:\/\/www.rabelais32.org\/wp-content\/uploads\/2016\/01\/ATELIER-COUTURE-007-768x576.jpg 768w, https:\/\/www.rabelais32.org\/wp-content\/uploads\/2016\/01\/ATELIER-COUTURE-007-1024x768.jpg 1024w\" sizes=\"auto, (max-width: 331px) 100vw, 331px\" \/><\/a><\/p>\n<p>Cet atelier est en activit\u00e9 depuis 1996. Il regroupe chaque ann\u00e9e une dizaine de participantes et requiert peu de comp\u00e9tences.<br \/>\nIl se caract\u00e9rise par des r\u00e9alisations \u00e0 la carte :<br \/>\nCustom\u00e9risation<br \/>\nR\u00e9parations,<br \/>\nR\u00e9alisations : v\u00eatements divers,<br \/>\nCr\u00e9ations personnalis\u00e9es \u00e0 la demande.<br \/>\nL\u2019atelier dispose de 2 machines \u00e0 coudre et d\u2019une sur-jeteuse-raseuse r\u00e9cente,<br \/>\nUne table et un fer \u00e0 repasser,<br \/>\n1 mannequin<br \/>\n<strong>Ouverture de l\u2019atelier : le mardi hors vacances scolaires, \u00e0 14h30 .<\/strong><\/p>\n<p><strong><span style=\"color: #800000;\">Patron \u00ab\u00a0coussin-coeur\u00a0\u00bb : <a style=\"color: #800000;\" href=\"https:\/\/www.rabelais32.org\/wp-content\/uploads\/2019\/09\/patron_coussin-coeur.pdf\" target=\"_blank\" rel=\"noopener noreferrer\">ICI<\/a><\/span><\/strong><\/p>\n","protected":false},"excerpt":{"rendered":"<p>Atelier Couture : les Cousettes Cet atelier est en activit\u00e9 depuis 1996. Il regroupe chaque ann\u00e9e une dizaine de participantes et requiert peu de comp\u00e9tences. Il se caract\u00e9rise par des r\u00e9alisations \u00e0 la carte : Custom\u00e9risation R\u00e9parations, R\u00e9alisations : v\u00eatements &hellip; <a href=\"https:\/\/www.rabelais32.org\/index.php\/activites\/ateliers\/couture\/\">Lire la suite\u00ad\u00ad<\/a><\/p>\n","protected":false},"author":1,"featured_media":1458,"parent":84,"menu_order":0,"comment_status":"closed","ping_status":"closed","template":"","meta":{"footnotes":""},"class_list":["post-561","page","type-page","status-publish","has-post-thumbnail","hentry"],"_links":{"self":[{"href":"https:\/\/www.rabelais32.org\/index.php\/wp-json\/wp\/v2\/pages\/561","targetHints":{"allow":["GET"]}}],"collection":[{"href":"https:\/\/www.rabelais32.org\/index.php\/wp-json\/wp\/v2\/pages"}],"about":[{"href":"https:\/\/www.rabelais32.org\/index.php\/wp-json\/wp\/v2\/types\/page"}],"author":[{"embeddable":true,"href":"https:\/\/www.rabelais32.org\/index.php\/wp-json\/wp\/v2\/users\/1"}],"replies":[{"embeddable":true,"href":"https:\/\/www.rabelais32.org\/index.php\/wp-json\/wp\/v2\/comments?post=561"}],"version-history":[{"count":12,"href":"https:\/\/www.rabelais32.org\/index.php\/wp-json\/wp\/v2\/pages\/561\/revisions"}],"predecessor-version":[{"id":13518,"href":"https:\/\/www.rabelais32.org\/index.php\/wp-json\/wp\/v2\/pages\/561\/revisions\/13518"}],"up":[{"embeddable":true,"href":"https:\/\/www.rabelais32.org\/index.php\/wp-json\/wp\/v2\/pages\/84"}],"wp:featuredmedia":[{"embeddable":true,"href":"https:\/\/www.rabelais32.org\/index.php\/wp-json\/wp\/v2\/media\/1458"}],"wp:attachment":[{"href":"https:\/\/www.rabelais32.org\/index.php\/wp-json\/wp\/v2\/media?parent=561"}],"curies":[{"name":"wp","href":"https:\/\/api.w.org\/{rel}","templated":true}]}}