{"id":426,"date":"2016-01-10T16:46:15","date_gmt":"2016-01-10T16:46:15","guid":{"rendered":"http:\/\/rabelais32.org\/?page_id=426"},"modified":"2023-11-08T12:49:14","modified_gmt":"2023-11-08T11:49:14","slug":"marche-du-jeudi","status":"publish","type":"page","link":"https:\/\/www.rabelais32.org\/index.php\/marche-du-jeudi\/","title":{"rendered":"Marches du jeudi et du vendredi- calendrier"},"content":{"rendered":"<p>Les jeudi et vendredi apr\u00e8s-midi sont\u00a0 consacr\u00e9s \u00e0 la marche.\u00a0 .<\/p>\n<p>Pour celle du jeudi, le rendez-vous se tient \u00e0 Lagarrasic, \u00e0 14h sous la houlette de <strong>Bernard Cournet<\/strong>.\u00a0\u00a0 De l\u00e0 nous partons en voiture vers un village tout proche d\u2019Auch qui sera le point de d\u00e9part L\u2019accompagnateur -ou l\u2019accompagnatrice- nous entra\u00eene sur des chemins balis\u00e9s bord\u00e9s de haies sauvages, dans les sous-bois au bord des ruisseaux, sur les coteaux, C\u2019est aussi l\u2019occasion de visiter des villages, d\u00e9couvrir une petite \u00e9glise romane, une chapelle abandonn\u00e9e, un vieux moulin sans ailes, il y a toujours quelque chose \u00e0 voir ou \u00e0 revoir.<\/p>\n<p>La campagne gersoise est si belle et si vari\u00e9e \u00a0!<\/p>\n<p><a href=\"http:\/\/rabelais32.org\/wp-content\/uploads\/2015\/12\/013-lamazeres-3.jpg\" target=\"_blank\" rel=\"attachment wp-att-382 noopener noreferrer\"><img loading=\"lazy\" decoding=\"async\" class=\"alignnone size-medium wp-image-382\" src=\"http:\/\/rabelais32.org\/wp-content\/uploads\/2015\/12\/013-lamazeres-3-300x225.jpg\" alt=\"013 lamazeres 3\" width=\"300\" height=\"225\" srcset=\"https:\/\/www.rabelais32.org\/wp-content\/uploads\/2015\/12\/013-lamazeres-3-300x225.jpg 300w, https:\/\/www.rabelais32.org\/wp-content\/uploads\/2015\/12\/013-lamazeres-3-768x576.jpg 768w, https:\/\/www.rabelais32.org\/wp-content\/uploads\/2015\/12\/013-lamazeres-3.jpg 778w\" sizes=\"auto, (max-width: 300px) 100vw, 300px\" \/><\/a><\/p>\n<p><span style=\"color: #ff0000;\"><strong>Pour celle du vendredi cr\u00e9\u00e9e cette ann\u00e9e<\/strong><\/span> et anim\u00e9e par <strong>Mireille Gonzalez<\/strong>, le rendez-vous est fix\u00e9 au parking de cin\u00e9 32 \u00e0 14h30. Il s&rsquo;agit d&rsquo;une marche douce permettant \u00e0 tous de se retrouver sur Auch ou dans les environs en fournissant un effort adapt\u00e9 \u00e0 ses possibilit\u00e9s.<br \/>\nEt puis n\u2019oublions pas\u00a0: la marche, c\u2019est la sant\u00e9 !<\/p>\n<p>Les deux heures pass\u00e9es ensemble qu&rsquo;il s&rsquo;agisse du jeudi ou du vendredi sont des moments privil\u00e9gi\u00e9s : au plaisir de se retrouver s\u2019ajoutent la bonne humeur, les \u00e9changes, le partage des joies et des soucis \u2026on rit, on\u00a0 papote\u00a0 et la boucle est boucl\u00e9e !<\/p>\n<p><span style=\"color: #3366ff;\"><strong>2023 :<\/strong><\/span><\/p>\n<p><strong>Marches \u00e0 la journ\u00e9e :<\/strong><\/p>\n<p>3 circuits sont propos\u00e9s\u00a0les jeudis\u00a0:<\/p>\n<p><u><b>Jeudi 20 avril \u00e0 AUBIET <\/b><\/u>: encadrement Bernard COURNET, Mich\u00e8le MAXCH<\/p>\n<p><u><b>Jeudi 25 mai \u00e0 Roquefort <\/b><\/u>: encadrement Bernard COURNET, Simone V\u00c9NICA<\/p>\n<p><u><b>Jeudi 22 juin \u00e0 <\/b><\/u><u><b>J\u00e9gun<\/b><\/u> :repas au restaurant .encadrement Bernard COURNET<\/p>\n<p><span style=\"color: #ff0000;\"><strong>Rappel : la licence 2fopen est n\u00e9cessaire pour participer \u00e0 ces journ\u00e9es .<\/strong><\/span><\/p>\n<p><span style=\"color: #339966;\"><strong>Bulletins d&rsquo;inscriptions : <a href=\"https:\/\/www.rabelais32.org\/wp-content\/uploads\/2023\/03\/RANDONNEES-\u00e0-la-journ\u00e9e-avril-mai-juin-2023.pdf\" target=\"_blank\" rel=\"noopener noreferrer\">ICI<\/a><\/strong><\/span><\/p>\n<p><span style=\"color: #3366ff;\"><strong>2022 : Les marches ont repris depuis mi-septembre. les marcheurs sont pr\u00e9venus du lieu quelques jours avant par mail<\/strong> <\/span><\/p>\n<p><span style=\"color: #ff0000;\"><strong>Rappel : la licence 2fopen est n\u00e9cessaire pour pratiquer cette activit\u00e9<\/strong><\/span><\/p>\n<p>&nbsp;<\/p>\n<p><span style=\"color: #3366ff;\"><strong>2021 septembre \u00e0 d\u00e9cembre : les marches du jeudi ont repris depuis le 16 septembre ; les marcheurs sont pr\u00e9venus du lieu quelques jours avant par mail<\/strong><\/span><\/p>\n<p><span style=\"color: #ff0000;\"><strong>2021 : compte-tenu de la pand\u00e9mie encore pr\u00e9sente , les marcheurs pratiquent cette activit\u00e9 individuellement\u00a0<\/strong> <\/span><\/p>\n<p><span style=\"color: #339966;\"><strong>Le Covid-19 nous oblige \u00e0 changer nos habitudes, voire nos comportements. Nous devons revoir nos certitudes et nos ambitions. La M\u00e9t\u00e9o m\u00eame vient perturber nos projets en devenant de plus en plus impr\u00e9visible. On dirait que quelque chose nous en veut\u00a0!<\/strong><\/span><\/p>\n<p><span style=\"color: #339966;\"><strong>Il est donc difficile de pr\u00e9voir des dates\u00a0: finie la longue liste des sorties-montagne pour l\u2019ann\u00e9e, finis les calendriers trimestriels des marches du jeudi\u00a0! Nous ne sommes m\u00eame pas s\u00fbrs de ce que nous ferons demain\u00a0! Que nous reste-t-il\u00a0? l\u2019espoir de sortir prochainement de cette situation anxiog\u00e8ne, la volont\u00e9 de continuer, le pouvoir de r\u00eaver, d\u2019ouvrir notre site \u00ab\u00a0Rabelais32\u00a0\u00bb -il fonctionne-et de se laisser aller dans le plaisir en feuilletant nos souvenirs.<\/strong><\/span><\/p>\n<p><span style=\"color: #339966;\"><strong>Pour les marches du jeudi et pour les sorties-montagne, nous avertirons les randonneurs 1 ou 2 jours avant jusqu\u2019\u00e0 ce que nous retrouvions un peu plus de visibilit\u00e9. Quant au projets de s\u00e9jours- d\u00e9couverte, des id\u00e9es circulent, mais il est encore trop t\u00f4t pour \u00e9tablir un programme. Prot\u00e9geons-nous et gardons espoir.<\/strong><\/span><\/p>\n<p><span style=\"color: #339966;\"><strong>Marcelle<\/strong><\/span><\/p>\n<p>&nbsp;<\/p>\n<p><strong>Programme marches de janvier \u00e0 mars 2020 : <a href=\"https:\/\/www.rabelais32.org\/wp-content\/uploads\/2020\/01\/Calendrier-2020-marche.pdf\" target=\"_blank\" rel=\"noopener noreferrer\">ICI<\/a><br \/>\n<\/strong><\/p>\n<p><strong>Programme marches de septembre \u00e0 d\u00e9cembre 2019 :<a href=\"https:\/\/www.rabelais32.org\/wp-content\/uploads\/2019\/09\/3-Calendrier-des-marches-du-jeudi-rsept-d\u00e9-2019.pdf\" target=\"_blank\" rel=\"noopener noreferrer\"> ICI<\/a><\/strong><\/p>\n<p>&nbsp;<\/p>\n<p><strong>Programme marches d&rsquo;avril \u00e0 juin 2019 : <a href=\"https:\/\/www.rabelais32.org\/wp-content\/uploads\/2019\/03\/Marches-du-jeudi-2eme-trimestre-2019.pdf\" target=\"_blank\" rel=\"noopener noreferrer\">ICI<\/a><\/strong><\/p>\n<p><strong><span style=\"color: #800000;\">\u00a0Sortie de printemps 18 avril 2019 \u00e0 Aubiet<\/span> : <a href=\"https:\/\/www.rabelais32.org\/wp-content\/uploads\/2019\/03\/Sortie-de-printemps-Aubiet.pdf\" target=\"_blank\" rel=\"noopener noreferrer\">ICI<\/a><\/strong><\/p>\n<p><span style=\"color: #800000;\"><strong>\u00a0\u00a0 Marche du 23 mai\u00a0 2019 \u00e0 Valence<\/strong><\/span> :<a href=\"https:\/\/www.rabelais32.org\/wp-content\/uploads\/2019\/05\/Journe\u0301e-de-Marche-a\u0300-Valence-.pdf\" target=\"_blank\" rel=\"noopener noreferrer\"> ICI<\/a><\/p>\n<p><span style=\"color: #800000;\"><strong>\u00a0\u00a0\u00a0\u00a0\u00a0\u00a0 \u00a0 Marche du 20 juin \u00e0 Saint Lary avec inscription au\u00a0 repas<\/strong><\/span>: <a href=\"https:\/\/www.rabelais32.org\/wp-content\/uploads\/2019\/04\/Marche-du-20-juin-a\u0300-Saint-Lary.pdf\" target=\"_blank\" rel=\"noopener noreferrer\"><strong>ICI<\/strong><\/a><\/p>\n<p><strong>Programme marches de janvier \u00e0 mars 2019 : <a href=\"https:\/\/www.rabelais32.org\/wp-content\/uploads\/2019\/01\/Marches-du-jeudi-1er-trimestre-2019.pdf\" target=\"_blank\" rel=\"noopener noreferrer\">ICI<\/a><\/strong><\/p>\n<p><strong>\u00a0Programme\u00a0 marches de septembre \u00e0 d\u00e9cembre 2018\u00a0 <\/strong><strong>: <a href=\"https:\/\/www.rabelais32.org\/wp-content\/uploads\/2018\/09\/Calendrier-des-Marches-du-jeudi-revu.pdf\" target=\"_blank\" rel=\"noopener noreferrer\">ICI<\/a><\/strong><\/p>\n<p><strong>\u00a0<\/strong><strong>Programme marches de janvier \u00e0 mars 2018 : <a href=\"https:\/\/www.rabelais32.org\/wp-content\/uploads\/2018\/01\/Calendrier-Marche-2018-trim-1.pdf\" target=\"_blank\" rel=\"noopener noreferrer\">ICI<\/a><\/strong><\/p>\n<p><strong>\u00a0Programme marches de septembre \u00e0 d\u00e9cembre 2017: <a href=\"https:\/\/www.rabelais32.org\/wp-content\/uploads\/2017\/10\/Marche-du-jeudi-site-2017.pdf\" target=\"_blank\" rel=\"noopener noreferrer\">ICI<\/a><\/strong><\/p>\n<p><strong>.<\/strong><\/p>\n","protected":false},"excerpt":{"rendered":"<p>Les jeudi et vendredi apr\u00e8s-midi sont\u00a0 consacr\u00e9s \u00e0 la marche.\u00a0 . Pour celle du jeudi, le rendez-vous se tient \u00e0 Lagarrasic, \u00e0 14h sous la houlette de Bernard Cournet.\u00a0\u00a0 De l\u00e0 nous partons en voiture vers un village tout proche &hellip; <a href=\"https:\/\/www.rabelais32.org\/index.php\/marche-du-jeudi\/\">Lire la suite\u00ad\u00ad<\/a><\/p>\n","protected":false},"author":1,"featured_media":1470,"parent":0,"menu_order":0,"comment_status":"closed","ping_status":"closed","template":"","meta":{"footnotes":""},"class_list":["post-426","page","type-page","status-publish","has-post-thumbnail","hentry"],"_links":{"self":[{"href":"https:\/\/www.rabelais32.org\/index.php\/wp-json\/wp\/v2\/pages\/426","targetHints":{"allow":["GET"]}}],"collection":[{"href":"https:\/\/www.rabelais32.org\/index.php\/wp-json\/wp\/v2\/pages"}],"about":[{"href":"https:\/\/www.rabelais32.org\/index.php\/wp-json\/wp\/v2\/types\/page"}],"author":[{"embeddable":true,"href":"https:\/\/www.rabelais32.org\/index.php\/wp-json\/wp\/v2\/users\/1"}],"replies":[{"embeddable":true,"href":"https:\/\/www.rabelais32.org\/index.php\/wp-json\/wp\/v2\/comments?post=426"}],"version-history":[{"count":46,"href":"https:\/\/www.rabelais32.org\/index.php\/wp-json\/wp\/v2\/pages\/426\/revisions"}],"predecessor-version":[{"id":13460,"href":"https:\/\/www.rabelais32.org\/index.php\/wp-json\/wp\/v2\/pages\/426\/revisions\/13460"}],"wp:featuredmedia":[{"embeddable":true,"href":"https:\/\/www.rabelais32.org\/index.php\/wp-json\/wp\/v2\/media\/1470"}],"wp:attachment":[{"href":"https:\/\/www.rabelais32.org\/index.php\/wp-json\/wp\/v2\/media?parent=426"}],"curies":[{"name":"wp","href":"https:\/\/api.w.org\/{rel}","templated":true}]}}