{"id":308,"date":"2016-01-03T16:55:03","date_gmt":"2016-01-03T16:55:03","guid":{"rendered":"http:\/\/rabelais32.org\/?page_id=308"},"modified":"2020-10-20T18:46:49","modified_gmt":"2020-10-20T16:46:49","slug":"reluire","status":"publish","type":"page","link":"https:\/\/www.rabelais32.org\/index.php\/activites\/ateliers\/reluire\/","title":{"rendered":"Reliure"},"content":{"rendered":"<p><a href=\"http:\/\/rabelais32.org\/wp-content\/uploads\/2016\/01\/l-atelier-reliure.jpg\" target=\"_blank\" rel=\"attachment noopener wp-att-309 noreferrer\"><img loading=\"lazy\" decoding=\"async\" class=\"alignnone size-full wp-image-309\" src=\"http:\/\/rabelais32.org\/wp-content\/uploads\/2016\/01\/l-atelier-reliure.jpg\" alt=\"l-atelier-reliure\" width=\"281\" height=\"191\" \/><\/a><\/p>\n<p><span style=\"color: #800000;\"><strong>\u00a0\u00a0 Cet atelier n&rsquo;est plus anim\u00e9 pour l&rsquo;instant. <\/strong><\/span><\/p>\n<p><strong>Pourquoi faire de la reliure ?<\/strong><br \/>\nRelier un livre ab\u00eem\u00e9, d\u00e9fra\u00eechi, ce n\u2019est pas seulement donner une seconde vie, une seconde chance \u00e0 une \u0153uvre \u00e9crite, c\u2019est aussi cr\u00e9er, faire travailler ses mains et son cerveau, et avoir ensuite la satisfaction de pouvoir dire : \u00ab Cette reliure, c\u2019est mon ouvrage, ma cr\u00e9ation \u00bb.<br \/>\nCertes, nous consommons, trop semble-t-il, mais cr\u00e9ons-nous souvent ? Le livre reste, lui\u2026 nous pouvons le toucher, le prendre en main, que dire de nos \u00e9crits informatiques ?<\/p>\n<p><strong>FOIRE AUX QUESTIONS, ATELIER RELIURE<\/strong><\/p>\n<p><strong>Q \u2013 Est-ce un cours collectif ?<\/strong><br \/>\nR \u2013 Non, d&rsquo;ailleurs ce ne serait pas possible. L&rsquo;animateur vous guide individuellement, pas \u00e0 pas.<br \/>\n<strong>Q \u2013 Est-on oblig\u00e9 d&rsquo;avancer tous en m\u00eame temps, j&rsquo;ai peur de n&rsquo;\u00eatre ni trop rapide, ni trop habile.<\/strong><br \/>\nR \u2013 Chacun \u00e0 son rythme ! Il y a tellement d&rsquo; \u00ab \u00e9tapes \u00bb en reliure, que pratiquement personne n&rsquo;est au m\u00eame stade en m\u00eame temps.<br \/>\n<strong>Q \u2013 J&rsquo;ai des livres simplement ab\u00eem\u00e9s, est-ce que je peux venir uniquement pour les restaurer ?<\/strong><br \/>\nR \u2013 Oui, bien s\u00fbr. Relier un livre, c&rsquo;est aller de A \u00e0 Z dans la restauration, mais selon l&rsquo;\u00e9tat du livre, on peut \u00ab griller \u00bb des \u00e9tapes et ne r\u00e9parer que ce que l&rsquo;on juge n\u00e9cessaire.<br \/>\n<strong>Q \u2013 Je n&rsquo;ai pas os\u00e9\/voulu\/pu m&rsquo;inscrire \u00e0 la rentr\u00e9e de septembre, puis-je venir maintenant ?<\/strong><br \/>\nR \u2013 Pas de probl\u00e8me ! Comme c&rsquo;est un apprentissage individualis\u00e9 \u00e0 100 %, on peut s&rsquo;inscrire et venir quand on veut.<br \/>\n<strong>Q \u2013 Si je m&rsquo;inscris, dois-je venir tous les lundis, j&rsquo;ai peur de ne pas \u00eatre disponible tr\u00e8s r\u00e9guli\u00e8rement ?<\/strong><br \/>\nR \u2013 L\u00e0 encore, pas de probl\u00e8me ! On vient quand on peut et on continue \u00e0 son rythme, c&rsquo;est l&rsquo;avantage de l&rsquo;enseignement individualis\u00e9 (bis). On pr\u00e9vient l&rsquo;animateur si on peut _ c&rsquo;est mieux _ c&rsquo;est tout&#8230;<br \/>\n<strong>Q \u2013 Peut-on faire autre chose que de la reliure ?<\/strong><br \/>\nR \u2013 Oui, oui, oui ! On peut restaurer un livre (bis), un ancien album de cartes postales etc&#8230; On peut cr\u00e9er des embo\u00eetages pour la protection de livres ou documents divers. On peut aussi faire des albums avec ses propres cr\u00e9ations ou encore cr\u00e9er un livre de A \u00e0 Z en partant de photocopies, photographies&#8230;<br \/>\n<strong>Q \u2013 Dois-je venir avec mon mat\u00e9riel ?<\/strong><br \/>\nR \u2013 Non. Il y a tout ce qu&rsquo;il faut sur place, outillage, colle, carton, toiles, papiers color\u00e9s&#8230;<br \/>\n<strong>Q \u2013 C&rsquo;est cher ?<\/strong><br \/>\nR \u2013 Pas du tout&#8230;Pour remplacer les fournitures utilis\u00e9es, vous versez une petite contribution selon un bar\u00e8me, quand vous avez termin\u00e9 un livre. Selon la taille de ce livre, cela vous revient entre 3 et 6 euros.<br \/>\n<strong>Q \u2013 Et l&rsquo;animateur ?<\/strong><br \/>\nR \u2013 Ne vous inqui\u00e9tez pas ! C&rsquo;est une merveille de patience et d&rsquo;humour (et de modestie !). Je le connais bien. C&rsquo;est moi&#8230;<\/p>\n<p style=\"text-align: right;\"><strong>Alain CHAROLLAIS.<\/strong><\/p>\n","protected":false},"excerpt":{"rendered":"<p>\u00a0\u00a0 Cet atelier n&rsquo;est plus anim\u00e9 pour l&rsquo;instant. Pourquoi faire de la reliure ? Relier un livre ab\u00eem\u00e9, d\u00e9fra\u00eechi, ce n\u2019est pas seulement donner une seconde vie, une seconde chance \u00e0 une \u0153uvre \u00e9crite, c\u2019est aussi cr\u00e9er, faire travailler ses &hellip; <a href=\"https:\/\/www.rabelais32.org\/index.php\/activites\/ateliers\/reluire\/\">Lire la suite\u00ad\u00ad<\/a><\/p>\n","protected":false},"author":1,"featured_media":1452,"parent":84,"menu_order":0,"comment_status":"closed","ping_status":"closed","template":"","meta":{"footnotes":""},"class_list":["post-308","page","type-page","status-publish","has-post-thumbnail","hentry"],"_links":{"self":[{"href":"https:\/\/www.rabelais32.org\/index.php\/wp-json\/wp\/v2\/pages\/308","targetHints":{"allow":["GET"]}}],"collection":[{"href":"https:\/\/www.rabelais32.org\/index.php\/wp-json\/wp\/v2\/pages"}],"about":[{"href":"https:\/\/www.rabelais32.org\/index.php\/wp-json\/wp\/v2\/types\/page"}],"author":[{"embeddable":true,"href":"https:\/\/www.rabelais32.org\/index.php\/wp-json\/wp\/v2\/users\/1"}],"replies":[{"embeddable":true,"href":"https:\/\/www.rabelais32.org\/index.php\/wp-json\/wp\/v2\/comments?post=308"}],"version-history":[{"count":8,"href":"https:\/\/www.rabelais32.org\/index.php\/wp-json\/wp\/v2\/pages\/308\/revisions"}],"predecessor-version":[{"id":9350,"href":"https:\/\/www.rabelais32.org\/index.php\/wp-json\/wp\/v2\/pages\/308\/revisions\/9350"}],"up":[{"embeddable":true,"href":"https:\/\/www.rabelais32.org\/index.php\/wp-json\/wp\/v2\/pages\/84"}],"wp:featuredmedia":[{"embeddable":true,"href":"https:\/\/www.rabelais32.org\/index.php\/wp-json\/wp\/v2\/media\/1452"}],"wp:attachment":[{"href":"https:\/\/www.rabelais32.org\/index.php\/wp-json\/wp\/v2\/media?parent=308"}],"curies":[{"name":"wp","href":"https:\/\/api.w.org\/{rel}","templated":true}]}}