{"id":298,"date":"2016-01-03T16:08:41","date_gmt":"2016-01-03T16:08:41","guid":{"rendered":"http:\/\/rabelais32.org\/?page_id=298"},"modified":"2026-01-31T17:06:18","modified_gmt":"2026-01-31T16:06:18","slug":"voyages","status":"publish","type":"page","link":"https:\/\/www.rabelais32.org\/index.php\/activites\/voyages\/","title":{"rendered":"Voyages : programmes"},"content":{"rendered":"<p><a href=\"http:\/\/rabelais32.org\/wp-content\/uploads\/2016\/01\/agence-de-voyage-nos-voyages-20130527164254_570x380.jpg\" target=\"_blank\" rel=\"attachment wp-att-1089 noopener noreferrer\"><img loading=\"lazy\" decoding=\"async\" class=\"alignnone size-medium wp-image-1089\" src=\"http:\/\/rabelais32.org\/wp-content\/uploads\/2016\/01\/agence-de-voyage-nos-voyages-20130527164254_570x380-300x200.jpg\" alt=\"agence-de-voyage-nos-voyages-20130527164254_570x380\" width=\"300\" height=\"200\" srcset=\"https:\/\/www.rabelais32.org\/wp-content\/uploads\/2016\/01\/agence-de-voyage-nos-voyages-20130527164254_570x380-300x200.jpg 300w, https:\/\/www.rabelais32.org\/wp-content\/uploads\/2016\/01\/agence-de-voyage-nos-voyages-20130527164254_570x380.jpg 570w\" sizes=\"auto, (max-width: 300px) 100vw, 300px\" \/><\/a><\/p>\n<p>&nbsp;<\/p>\n<p>Traditionnellement, deux voyages sont organis\u00e9s par an : un en France et l\u2019autre \u00e0 l\u2019\u00e9tranger.<br \/>\nCeux\u2013ci permettent de partir vers des contr\u00e9es inconnues et de d\u00e9couvrir des fa\u00e7ons de vivre diff\u00e9rentes des n\u00f4tres.<br \/>\nCes voyages sont organis\u00e9s par des Agences de voyages. Une commission se r\u00e9unit, choisit les destinations, \u00e9tudie les devis pr\u00e9sent\u00e9s et fait le choix de l\u2019agence. C\u2019est ainsi que nous sommes partis, en Pologne, en Cr\u00eate; dans le Nord Pas de Calais, dans l\u2019Arri\u00e8re-Pays Ni\u00e7ois..<\/p>\n<p><strong><span style=\"color: #993366;\">Pour 2026 :<\/span><\/strong><\/p>\n<div><em><strong><span style=\"color: #0000ff;\">Voyage en France : La Picardie ; baie de la Somme du 20 au 23 juin 2026 :<\/span> <a href=\"https:\/\/www.rabelais32.org\/wp-content\/uploads\/2026\/01\/Proposition-PICARDIE-du-20-au-25-juin-2026.pdf\" target=\"_blank\" rel=\"noopener\">ICI<\/a><\/strong><\/em><\/div>\n<div><span style=\"color: #ff0000;\"><strong><em>Inscriptions par mail au club ou t\u00e9l\u00e9phone avant le 5 f\u00e9vrier 2026<\/em><\/strong><\/span><\/div>\n<div>*<\/div>\n<div><em><strong><span style=\"color: #0000ff;\">Voyage \u00e0 l&rsquo;\u00e9tranger : CHYPRE 16 &#8211; 23 septembre 2026 :<\/span> <a href=\"https:\/\/www.rabelais32.org\/wp-content\/uploads\/2025\/11\/CHYPRE-8J.pdf\" target=\"_blank\" rel=\"noopener\">ICI<\/a><\/strong><\/em><\/div>\n<div><em><strong>bulletin d&rsquo;inscription : <a href=\"https:\/\/www.rabelais32.org\/wp-content\/uploads\/2025\/11\/Chypre-inscription.pdf\" target=\"_blank\" rel=\"noopener\">ICI<\/a><\/strong><\/em><\/div>\n<div><span style=\"color: #ff0000;\"><strong>Annul\u00e9 pour le club en groupe : inscrits en nombre insuffisant<\/strong><\/span><\/div>\n<p>&nbsp;<\/p>\n<p><span style=\"color: #800000;\"><strong>Pour 2025 :<\/strong><\/span><\/p>\n<p><strong>Calendrier des voyages et sorties pour 2024 2025 : <a href=\"https:\/\/www.rabelais32.org\/wp-content\/uploads\/2024\/08\/voyages-et-sorties-2024-2025.pdf\" target=\"_blank\" rel=\"noopener\">ICI<\/a><\/strong><\/p>\n<p>&nbsp;<\/p>\n<p><span style=\"color: #ff0000;\"><em><strong>Voyage dans le LIMOUSIN\u00a0 du 22 au 25 juin 2025: <a style=\"color: #ff0000;\" href=\"https:\/\/www.rabelais32.org\/wp-content\/uploads\/2024\/08\/Programme-Club-Sante-Seniors-Limousin-revu-good.pdf\" target=\"_blank\" rel=\"noopener\">ICI<\/a><\/strong><\/em><\/span><\/p>\n<p><span style=\"color: #ff0000;\"><em><strong>\u00a0Bulletin d&rsquo;inscription : <a style=\"color: #ff0000;\" href=\"https:\/\/www.rabelais32.org\/wp-content\/uploads\/2024\/08\/BULLETIN-Dinscription-Limousin.pdf\" target=\"_blank\" rel=\"noopener\">ICI<\/a><\/strong><\/em><\/span><\/p>\n<p>&nbsp;<\/p>\n<p><em><span style=\"color: #0000ff;\"><strong>Voyage autour des glaciers suisses du 10 au 14 f\u00e9vrier 2025 (15 personnes inscrites) :<\/strong><\/span><\/em><\/p>\n<p><span style=\"color: #0000ff;\"><em><strong>Bulletin inscription glaciers suisses : <a style=\"color: #0000ff;\" href=\"https:\/\/www.rabelais32.org\/wp-content\/uploads\/2024\/08\/Bulletin-inscription-Magie-hivernale-WSUH02A.pdf\" target=\"_blank\" rel=\"noopener\">ICI<\/a><\/strong><\/em><\/span><\/p>\n<p><span style=\"color: #0000ff;\"><em><strong>Magie hivernale \u00e0 bord des trains suisses : <a style=\"color: #0000ff;\" href=\"https:\/\/www.rabelais32.org\/wp-content\/uploads\/2024\/08\/Magie-hivernale-a-bord-des-trains-suisses.pdf\" target=\"_blank\" rel=\"noopener\">ICI<\/a><\/strong><\/em><\/span><\/p>\n<p><span style=\"color: #0000ff;\"><em><strong>Voyage accompagn\u00e9, assistance et garanties : <a style=\"color: #0000ff;\" href=\"https:\/\/www.rabelais32.org\/wp-content\/uploads\/2024\/08\/Voyage-accompagne-assistance-et-garanties-facultatives.pdf\" target=\"_blank\" rel=\"noopener\">ICI<\/a><\/strong><\/em><\/span><\/p>\n<p>&nbsp;<\/p>\n<p><span style=\"color: #800080;\"><em><strong>\u00a0<\/strong><\/em><\/span><strong><span style=\"color: #800000;\">Sondage pour voyages en 2025<\/span> : <a href=\"https:\/\/www.rabelais32.org\/wp-content\/uploads\/2024\/05\/fiche-souhaits-adherents-projets-2025.pdf\" target=\"_blank\" rel=\"noopener\">ICI<\/a><\/strong><\/p>\n<p><strong>Propositions voyages\u00a0 \u00e9voqu\u00e9es \u00e0 la r\u00e9union g\u00e9n\u00e9rale du 3 mai \u00e0 consulter et soumises \u00e0 avis:<\/strong><\/p>\n<p><span style=\"color: #ff0000;\"><strong><em>Toutes les propositions ci-dessous sont d\u00e9taill\u00e9es gr\u00e2ce aux liens correspondants \u00ab\u00a0ICI\u00a0\u00bb ou \u00ab\u00a0textes en bleu\u00a0\u00bb :<\/em><\/strong><\/span><\/p>\n<p><span style=\"color: #0000ff;\"><em><strong>en France :<\/strong><\/em><\/span><\/p>\n<p><strong>\u00a0S\u00e9jour dans le Limousin : <a href=\"https:\/\/www.rabelais32.org\/wp-content\/uploads\/2024\/05\/Region-du-Limousin-en-France.pdf\">ICI<\/a><\/strong><\/p>\n<p><strong>S\u00e9jour en P\u00e9rigord<\/strong> : <a href=\"https:\/\/www.rabelais32.org\/wp-content\/uploads\/2024\/05\/Les-couleurs-du-Pe_rigord.-programme.pdf\" target=\"_blank\" rel=\"noopener\"><strong>ICI<\/strong><\/a><\/p>\n<p><span style=\"color: #0000ff;\"><em><strong>\u00a0\u00e0 l&rsquo;\u00e9tranger :<\/strong><\/em><\/span><\/p>\n<p><strong>La <a href=\"https:\/\/www.rabelais32.org\/wp-content\/uploads\/2024\/05\/9-incontournables-en-Slovenie-en-2024.pdf\" target=\"_blank\" rel=\"noopener\">Slov\u00e9nie<\/a> : <a href=\"https:\/\/www.rabelais32.org\/wp-content\/uploads\/2024\/05\/Slovenie-Gallia.pdf\" target=\"_blank\" rel=\"noopener\">un exemple<\/a> ,<\/strong><\/p>\n<p><strong> l&rsquo;<a href=\"https:\/\/www.havas-voyages.fr\/p-circuit\/albanie-0-magie-de-lalbanie-8j-7n-limite-a-18-pers-554062.html#ref_dd=07&amp;ref_dmy=10\/2024&amp;ref_aj=0&amp;ref_minMan=7,7&amp;ref_mmd=8,8&amp;ref_dpci=PAR\" target=\"_blank\" rel=\"noopener\">Albanie<\/a>, <\/strong><\/p>\n<p><strong>la <a href=\"https:\/\/www.rabelais32.org\/wp-content\/uploads\/2024\/05\/Venistrie.pdf\" target=\"_blank\" rel=\"noopener\">Venistrie<\/a><\/strong><\/p>\n<p><strong>Les <a href=\"https:\/\/www.verdie-voyages.com\/version-decouverte\/circuit-suisse-1209\" target=\"_blank\" rel=\"noopener\">glaciers suisses magie hivernale<\/a><\/strong><\/p>\n<p><a href=\"https:\/\/www.verdie-voyages.com\/version-decouverte\/circuit-chypre-568\" target=\"_blank\" rel=\"noopener\"><strong>Chypre :<\/strong><\/a><\/p>\n<p><strong>La <a href=\"https:\/\/www.verdie-voyages.com\/version-decouverte\/circuit-espagne-194\" target=\"_blank\" rel=\"noopener\">Cantabrie<\/a><\/strong><\/p>\n<p><strong>Le Canada , <a href=\"https:\/\/www.rabelais32.org\/wp-content\/uploads\/2024\/05\/VOY_VOYAGES_Canada.pdf\" target=\"_blank\" rel=\"noopener\">un exemple<\/a><\/strong><\/p>\n<p>&nbsp;<\/p>\n<p><span style=\"color: #800000;\"><strong>Pour 2024 :<\/strong><\/span><\/p>\n<p><a href=\"https:\/\/www.rabelais32.org\/wp-content\/uploads\/2023\/06\/Sondage-voyages-2024-CSS.pdf\" target=\"_blank\" rel=\"noopener noreferrer\"><span style=\"color: #0000ff;\"><strong>Sondage pour voyages en 2024 : ICI<\/strong><\/span><\/a><\/p>\n<p><span style=\"color: #0000ff;\"><em><strong>Les propositions retenues pour 2024\u00a0 suite aux inscriptions sont : <\/strong><\/em><\/span><\/p>\n<p><strong>Voyage dans les Pouilles du 26 mai au 2 juin 2024 : <a href=\"https:\/\/www.rabelais32.org\/wp-content\/uploads\/2023\/10\/Les-Pouilles-8-jours-7-nuits.pdf\" target=\"_blank\" rel=\"noopener noreferrer\">ICI<\/a><\/strong><\/p>\n<p><strong>Voyage \u00e0 Montpellier et S\u00e8te du 25 au 27 avril 2024 : <a href=\"https:\/\/www.rabelais32.org\/wp-content\/uploads\/2024\/01\/voyage-Montpellier-S\u00e8te.pdf\" target=\"_blank\" rel=\"noopener noreferrer\">ICI<\/a><\/strong><\/p>\n<p>&nbsp;<\/p>\n<p><strong><span style=\"color: #ff0000;\">bulletin d&rsquo;inscription \u00e0 retourner avant le 23 octobre 2023 : <a href=\"https:\/\/www.rabelais32.org\/wp-content\/uploads\/2023\/10\/Tableau-Projet-MGEN-20241.pdf\" target=\"_blank\" rel=\"noopener noreferrer\">ICI<\/a><\/span><\/strong><\/p>\n<p>Les inscriptions <span style=\"color: #ff0000;\"><strong>jusqu&rsquo;au lundi 23 octobre 2023 dernier d\u00e9lai<\/strong><\/span> d\u00e9termineront en fonction du nombre de participants le choix des voyages retenus. Les renseignements et les acomptes seront alors\u00a0 demand\u00e9s aux inscrits \u00e0 ces voyages .<\/p>\n<p>&nbsp;<\/p>\n<p>&nbsp;<\/p>\n<p><span style=\"color: #800000;\"><strong>Pour 2023 :<\/strong><\/span><\/p>\n<p><span style=\"color: #ff0000;\"><strong>Message important concernant les voyages 2023 et les voyages \u00e0 pr\u00e9voir ult\u00e9rieurement : <a style=\"color: #ff0000;\" href=\"https:\/\/www.rabelais32.org\/wp-content\/uploads\/2023\/03\/Club-mot-pour-mail-aux-adh\u00e9rents-revu.pdf\" target=\"_blank\" rel=\"noopener noreferrer\">ICI<\/a><\/strong><\/span><\/p>\n<p><em><strong>En France : propositions :<br \/>\n<\/strong><\/em><\/p>\n<p>En septembre : Les ch\u00e2teaux de la Loire en passant par Limoges et Collonges la Rouge : <a href=\"https:\/\/www.rabelais32.org\/wp-content\/uploads\/2022\/12\/La-Loire-et-ses-Ch\u00e2teaux-V2.pdf\" target=\"_blank\" rel=\"noopener noreferrer\"><strong>ICI<\/strong><\/a><\/p>\n<p><u><b>\u00a0<span style=\"color: #3366ff;\">Pour ce voyage tr\u00e8s complet le tarif de <\/span><\/b><\/u><span style=\"color: #3366ff;\"><u><b>1480<\/b><\/u><u><b>\u20ac ne sera maintenu qu\u2019avec une base d\u2019au moins 20 participants<\/b><\/u><\/span><\/p>\n<p><span style=\"color: #3366ff;\"><u><b>Les inscriptions seront prises\u00a0 jusqu\u2019au 15 mars 2023 avec un acompte de <\/b><\/u><u><b>444\u20ac.<\/b><\/u><\/span><\/p>\n<p><strong>Fiche d&rsquo;inscription : <a href=\"https:\/\/www.rabelais32.org\/wp-content\/uploads\/2023\/01\/inscription-voyage-Chateaux-Loire-2023.pdf\" target=\"_blank\" rel=\"noopener noreferrer\">ICI<\/a><br \/>\n<\/strong><\/p>\n<p><em><strong>A l&rsquo;\u00e9tranger :<\/strong><\/em><\/p>\n<p><strong>Reprise du programme de 2020 annul\u00e9 pour covid\u00a0 : les lacs italiens\u00a0 :\u00a0<a href=\"https:\/\/www.rabelais32.org\/wp-content\/uploads\/2022\/12\/LE-CLUB-RABELAIS-32-ITALIE-LES-LACS-MAI-2023-BIS.pdf\" target=\"_blank\" rel=\"noopener noreferrer\"> ICI<\/a><\/strong><\/p>\n<p><strong>\u00a0Attention changement de dates : du 13 au 20 mai 2023<\/strong> :<\/p>\n<p><span style=\"color: #800000;\"><strong>Pour 2022 :<\/strong><\/span><\/p>\n<p><strong>Du 12 au 16 septembre 2022 : proposition\u00a0 voyage \u00e0 Nantes , au fil de l&rsquo;eau : programme : <a href=\"https:\/\/www.rabelais32.org\/wp-content\/uploads\/2021\/12\/Voyage-Nantes-.pdf\" target=\"_blank\" rel=\"noopener noreferrer\">ICI<\/a><\/strong><\/p>\n<p><strong><em><span style=\"color: #0000ff;\">\u00a0Bulletin de pr\u00e9 inscription : <a href=\"https:\/\/www.rabelais32.org\/wp-content\/uploads\/2021\/12\/BULLETIN-PRE-INSCRIPTION-futurs-projets.pdf\" target=\"_blank\" rel=\"noopener noreferrer\">ICI<\/a><br \/>\n<\/span><\/em><\/strong><\/p>\n<p><em><strong>voyage annul\u00e9 en raison d&rsquo;un effectif trop faible et de difficult\u00e9s de concr\u00e9tisation de la part de la ligue de l&rsquo;Enseignement<\/strong><\/em><\/p>\n<p><span style=\"color: #800000;\"><em><strong>Pour 2020 :<\/strong><\/em><\/span><\/p>\n<p><strong>Du 13 au 20 mai 2020 : les lacs italiens\u00a0 : programme : <a href=\"https:\/\/www.rabelais32.org\/wp-content\/uploads\/2019\/11\/P-8j7n-Lacs-Italiens-2020-31.10.19.pdf\" target=\"_blank\" rel=\"noopener noreferrer\">ICI<\/a><br \/>\n<\/strong><\/p>\n<p><span style=\"color: #0000ff;\"><em><strong>voyage annul\u00e9 en raison de la pand\u00e9mie<br \/>\n<\/strong><\/em><\/span><\/p>\n<p><strong>Du 14 au 19 septembre 2020 : Estuaire de la Loire : <\/strong><\/p>\n<p><span style=\"color: #800000;\"><strong><em>Annul\u00e9<\/em><\/strong><\/span><\/p>\n<p><span style=\"color: #800000;\"><em><strong>Pour 2019 <\/strong><\/em>:<\/span><\/p>\n<p><strong>Projets- voyages 2019, <\/strong><strong>en partenariat avec La Ligue de L\u2019Enseignement :<br \/>\n<\/strong><\/p>\n<p><strong>Du 14 au 18 mai\u00a0: <\/strong><strong>Le Luberon, <\/strong><strong>s\u00e9jour RANDO-DECOUVERTE : Programme\u00a0 : <\/strong><a href=\"https:\/\/www.rabelais32.org\/wp-content\/uploads\/2018\/10\/LUBERON-Programme.pdf\" target=\"_blank\" rel=\"noopener noreferrer\">ICI<\/a><\/p>\n<p><strong>Du 15 au 20 septembre\u00a0<\/strong><strong>: La Bretagne, s\u00e9jour TOURISME et RANDO- DECOUVERTE : Projet : <a href=\"https:\/\/www.rabelais32.org\/wp-content\/uploads\/2018\/09\/Voyage-et-rando-Bretagne-du-15-au-20septembre-2019-Programme.pdf\" target=\"_blank\" rel=\"noopener noreferrer\">ICI<\/a><br \/>\n<\/strong><\/p>\n<div><strong>Etranger : Pr\u00e9 inscription : BERLIN : en Mai ou Juin 2019 : <a href=\"https:\/\/www.rabelais32.org\/wp-content\/uploads\/2018\/09\/MGEN-Bulletins-incription-2018-1.pdf\" target=\"_blank\" rel=\"noopener noreferrer\">ICI<\/a><br \/>\n<\/strong><\/div>\n<h5><span style=\"color: #800000;\"><strong>Coupons-r\u00e9ponse \u00e0 renvoyer au Club des retrait\u00e9s <em>avant le 30 septembre 2018<\/em>\u00a0: <a href=\"https:\/\/www.rabelais32.org\/wp-content\/uploads\/2018\/09\/Bulletins-pour-inscription-Bretagne-Lub\u00e9ron.pdf\" target=\"_blank\" rel=\"noopener noreferrer\">ICI<\/a><br \/>\n<\/strong><\/span><\/h5>\n<p>&nbsp;<\/p>\n<p><span style=\"color: #800000;\"><em><strong>Pour 2018 <\/strong><\/em>:<\/span><\/p>\n<p><iframe loading=\"lazy\" src=\"https:\/\/www.youtube.com\/embed\/ApMNqUk8AaA\" width=\"560\" height=\"315\" frameborder=\"0\" allowfullscreen=\"allowfullscreen\"><\/iframe><br \/>\n<strong>MADRID et la CASTILLE, SALAMANQUE, ARRANJUEZ, SEGOVIE, TOLEDE en mai 2018&#8230;.. programme : <a href=\"https:\/\/www.rabelais32.org\/wp-content\/uploads\/2018\/01\/CIRCUIT-CASTILLE-REN-2.pdf\" target=\"_blank\" rel=\"noopener noreferrer\">ICI<\/a><br \/>\n<\/strong><\/p>\n<p><strong class=\"\">L\u2019ALSACE<\/strong> : Voyage-Tourisme organis\u00e9 par le Club, \u00e0 la mi-septembre 2018 (des randonneurs\u00a0 s\u2019y associent ) :<\/p>\n<p><strong>programme : <\/strong><a href=\"https:\/\/www.rabelais32.org\/wp-content\/uploads\/2018\/01\/ALSACE-REN-12-01-18.pdf\" target=\"_blank\" rel=\"noopener noreferrer\"><strong>ICI<\/strong><\/a><\/p>\n<p>&nbsp;<\/p>\n<p><em><span style=\"color: #800000;\"><strong>Pour 2017 <\/strong><\/span><\/em>:<\/p>\n<p>CROISIERE \u00ab\u00a0IMPRESSIONNISTES\u00a0\u00bb SEINE<\/p>\n<p>IRLANDE<\/p>\n<p>&nbsp;<\/p>\n<p><span style=\"color: #800000;\"><em><strong>En 2016<\/strong><\/em><\/span> :<\/p>\n<p>ce sont 3 destinations qui ont \u00e9t\u00e9 propos\u00e9es:\u00a0 Les Pays Baltes\u00a0 et le pays basque espagnol de Saint S\u00e9bastien \u00e0 Bilbao pour l&rsquo;\u00e9tranger et La Corse pour la France !!!!<\/p>\n<p>Des compte-rendus de\u00a0 voyages faits en\u00a0 2016\u00a0 sont pr\u00e9sent\u00e9s dans\u00a0 \u00ab\u00a0actualit\u00e9s\u00a0\u00bb\u00a0 \u00e0 la rubrique \u00ab\u00a0voyages\u00a0\u00bb<\/p>\n<p>&nbsp;<\/p>\n<p>&nbsp;<\/p>\n<p>&nbsp;<\/p>\n<p>&nbsp;<\/p>\n<p>&nbsp;<\/p>\n<p>&nbsp;<\/p>\n","protected":false},"excerpt":{"rendered":"<p>&nbsp; Traditionnellement, deux voyages sont organis\u00e9s par an : un en France et l\u2019autre \u00e0 l\u2019\u00e9tranger. Ceux\u2013ci permettent de partir vers des contr\u00e9es inconnues et de d\u00e9couvrir des fa\u00e7ons de vivre diff\u00e9rentes des n\u00f4tres. Ces voyages sont organis\u00e9s par des &hellip; <a href=\"https:\/\/www.rabelais32.org\/index.php\/activites\/voyages\/\">Lire la suite\u00ad\u00ad<\/a><\/p>\n","protected":false},"author":1,"featured_media":1412,"parent":81,"menu_order":0,"comment_status":"closed","ping_status":"closed","template":"","meta":{"footnotes":""},"class_list":["post-298","page","type-page","status-publish","has-post-thumbnail","hentry"],"_links":{"self":[{"href":"https:\/\/www.rabelais32.org\/index.php\/wp-json\/wp\/v2\/pages\/298","targetHints":{"allow":["GET"]}}],"collection":[{"href":"https:\/\/www.rabelais32.org\/index.php\/wp-json\/wp\/v2\/pages"}],"about":[{"href":"https:\/\/www.rabelais32.org\/index.php\/wp-json\/wp\/v2\/types\/page"}],"author":[{"embeddable":true,"href":"https:\/\/www.rabelais32.org\/index.php\/wp-json\/wp\/v2\/users\/1"}],"replies":[{"embeddable":true,"href":"https:\/\/www.rabelais32.org\/index.php\/wp-json\/wp\/v2\/comments?post=298"}],"version-history":[{"count":121,"href":"https:\/\/www.rabelais32.org\/index.php\/wp-json\/wp\/v2\/pages\/298\/revisions"}],"predecessor-version":[{"id":15853,"href":"https:\/\/www.rabelais32.org\/index.php\/wp-json\/wp\/v2\/pages\/298\/revisions\/15853"}],"up":[{"embeddable":true,"href":"https:\/\/www.rabelais32.org\/index.php\/wp-json\/wp\/v2\/pages\/81"}],"wp:featuredmedia":[{"embeddable":true,"href":"https:\/\/www.rabelais32.org\/index.php\/wp-json\/wp\/v2\/media\/1412"}],"wp:attachment":[{"href":"https:\/\/www.rabelais32.org\/index.php\/wp-json\/wp\/v2\/media?parent=298"}],"curies":[{"name":"wp","href":"https:\/\/api.w.org\/{rel}","templated":true}]}}