{"id":295,"date":"2016-01-03T15:53:57","date_gmt":"2016-01-03T15:53:57","guid":{"rendered":"http:\/\/rabelais32.org\/?page_id=295"},"modified":"2026-02-13T22:57:02","modified_gmt":"2026-02-13T21:57:02","slug":"sorties","status":"publish","type":"page","link":"https:\/\/www.rabelais32.org\/index.php\/activites\/ateliers\/sorties\/","title":{"rendered":"Sorties : programmes"},"content":{"rendered":"<p>&nbsp;<\/p>\n<p style=\"text-align: center;\"><a href=\"https:\/\/www.rabelais32.org\/wp-content\/uploads\/2018\/04\/jardins-des-martels-giroussens-tarn.png\" target=\"_blank\" rel=\"noopener noreferrer\"><img loading=\"lazy\" decoding=\"async\" class=\"size-medium wp-image-5787 alignright\" src=\"https:\/\/www.rabelais32.org\/wp-content\/uploads\/2018\/04\/jardins-des-martels-giroussens-tarn-300x200.png\" alt=\"\" width=\"300\" height=\"200\" srcset=\"https:\/\/www.rabelais32.org\/wp-content\/uploads\/2018\/04\/jardins-des-martels-giroussens-tarn-300x200.png 300w, https:\/\/www.rabelais32.org\/wp-content\/uploads\/2018\/04\/jardins-des-martels-giroussens-tarn-768x512.png 768w, https:\/\/www.rabelais32.org\/wp-content\/uploads\/2018\/04\/jardins-des-martels-giroussens-tarn.png 1004w\" sizes=\"auto, (max-width: 300px) 100vw, 300px\" \/><\/a><em><strong>Les sorties culturelles.<\/strong><\/em><\/p>\n<p>Nous essayons d\u2019organiser assez r\u00e9guli\u00e8rement des sorties (visites diverses, nature et jardin) de fa\u00e7on \u00e0 ce que ces rencontres permettent aux retrait\u00e9s un peu isol\u00e9s de retrouver leurs coll\u00e8gues et amis. Ces visites se d\u00e9roulent souvent pas tr\u00e8s loin d\u2019Auch et ne n\u00e9cessitent pas l\u2019utilisation de transport en commun.<\/p>\n<p>Parfois nous partons plus loin afin de faire d\u00e9couvrir des richesses patrimoniales souvent inconnues pour beaucoup,<\/p>\n<p><em><span style=\"color: #0000ff;\"><strong>Ann\u00e9e 2025-2026 :<\/strong><\/span><\/em><\/p>\n<div><span style=\"color: #339966;\"><em><strong>Proposition de sortie \u00e0 Castres, Sor\u00e8ze le 31 mars 2026 : Programme :<a style=\"color: #339966;\" href=\"https:\/\/www.rabelais32.org\/wp-content\/uploads\/2026\/02\/1-jour-a-Castres-Mars-2026-.pdf\" target=\"_blank\" rel=\"noopener\"> ICI<\/a><\/strong><\/em><\/span><\/div>\n<div><span style=\"color: #339966;\"><em><strong>bulletin d&rsquo;inscription : <a style=\"color: #339966;\" href=\"https:\/\/www.rabelais32.org\/wp-content\/uploads\/2026\/02\/Sortie-dans-le-Tarn-Castres-Soreze-1-jour.pdf\" target=\"_blank\" rel=\"noopener\">ICI<\/a><\/strong><\/em><\/span><\/div>\n<div>*<\/div>\n<div><span style=\"color: #008000;\"><em><strong>Sortie Agen du 11 f\u00e9vrier 2026 : ICI<\/strong><\/em><\/span><\/div>\n<div><span style=\"color: #008000;\"><em><strong>bulletin d&rsquo;inscription : ICI<\/strong><\/em><\/span><\/div>\n<div><span style=\"color: #008000;\">*<\/span><\/div>\n<p><span style=\"color: #008000;\"><strong>.<em>Sortie en pr\u00e9paration Castres sur un jour PRINTEMPS 2026 : <a style=\"color: #008000;\" href=\"https:\/\/www.rabelais32.org\/wp-content\/uploads\/2026\/01\/FIN-Castres-Soreze.pdf\" target=\"_blank\" rel=\"noopener\">ICI<\/a><\/em><\/strong><\/span><\/p>\n<p>*<\/p>\n<div><strong><em>Sortie Toulouse du 4 d\u00e9cembre : programme : <a href=\"https:\/\/www.rabelais32.org\/wp-content\/uploads\/2025\/11\/4-decembre-2025-infos-journnee-Toulouse.pdf\" target=\"_blank\" rel=\"noopener\">ICI<\/a><\/em><\/strong><\/div>\n<div><strong><em> bulletin d&rsquo;inscription : <a href=\"https:\/\/www.rabelais32.org\/wp-content\/uploads\/2025\/10\/Bulletin-inscription-TOULOUSE-le-4-decembre-2025.pdf\">ICI<\/a><\/em><\/strong><\/div>\n<div>*<\/div>\n<div><em><strong>\u00ab\u00a0En rivi\u00e8re basse\u00a0\u00bb : 14 octobre 2025 : bulletin d&rsquo;inscription \u00e0 retourner avant le 30 septembre : <a href=\"https:\/\/www.rabelais32.org\/wp-content\/uploads\/2025\/09\/Riviere-Basse-inscription-2.pdf\" target=\"_blank\" rel=\"noopener\">ICI<\/a><\/strong><\/em><\/div>\n<p>&nbsp;<\/p>\n<p>&nbsp;<\/p>\n<p><em><span style=\"color: #0000ff;\"><strong>Ann\u00e9e 2024-2025 :<br \/>\n<\/strong><\/span><\/em><\/p>\n<p><span style=\"color: #ff0000;\"><em><strong>Projet sortie demi journ\u00e9e aux Jardins de Hillen le mercredi 28 mai 2025 : Bulletin d&rsquo;inscription :\u00a0 <a style=\"color: #ff0000;\" href=\"https:\/\/www.rabelais32.org\/wp-content\/uploads\/2025\/04\/Jardin-de-Hillen-Fiche-inscription.pdf\" target=\"_blank\" rel=\"noopener\">ICI<\/a><\/strong><\/em><\/span><\/p>\n<p>&nbsp;<\/p>\n<p><span style=\"color: #ff6600;\"><strong>Sorties\u00a0 MONTAUBAN ( 8 avril 2025) : D\u00e9tails\u00a0 :<a style=\"color: #ff6600;\" href=\"https:\/\/www.rabelais32.org\/wp-content\/uploads\/2025\/01\/MONTAUBAN-1-journee-programme.pdf\" target=\"_blank\" rel=\"noopener\"> ICI<\/a> .<\/strong><\/span><\/p>\n<p><span style=\"color: #ff6600;\"><strong> Bulletins d&rsquo;inscription : <a style=\"color: #ff6600;\" href=\"https:\/\/www.rabelais32.org\/wp-content\/uploads\/2025\/01\/SORTIES-FICHES-2025-bulletins-inscriptions.pdf\" target=\"_blank\" rel=\"noopener\">ICI<\/a><\/strong><\/span><\/p>\n<p><span style=\"color: #ff6600;\"><strong>Sortie \u00e0 la Halle aux grains : ballet \u00ab\u00a0<a style=\"color: #ff6600;\" href=\"https:\/\/www.rabelais32.org\/wp-content\/uploads\/2024\/09\/Chansons-dansees-Toulouse.pdf\" target=\"_blank\" rel=\"noopener\">chansons dans\u00e9es<\/a>\u00a0\u00bb le 9 mars 2025<\/strong><\/span><\/p>\n<p><strong><span style=\"color: #ff6600;\">Sortie canal du Midi le 8 octobre 2024: <a href=\"https:\/\/www.rabelais32.org\/wp-content\/uploads\/2024\/09\/canal-du-midi-bulletin-dinscription-complet.pdf\" target=\"_blank\" rel=\"noopener\">ICI<\/a><\/span><\/strong><\/p>\n<p><span style=\"color: #ff6600;\"><strong>Sortie \u00e0 Toulouse : visites fondation Bemberg et mus\u00e9e des Arts pr\u00e9cieux le 19 novembre 2024 : <a href=\"https:\/\/www.rabelais32.org\/wp-content\/uploads\/2024\/09\/TOULOUSE-Visite.pdf\" target=\"_blank\" rel=\"noopener\">ICI<\/a><br \/>\n<\/strong><\/span><\/p>\n<p>&nbsp;<\/p>\n<p><em><span style=\"color: #0000ff;\"><strong>Ann\u00e9e 2023-2024 :<\/strong><\/span><\/em><\/p>\n<p><strong>Propositions pour\u00a0 <span style=\"color: #ff0000;\">fin ann\u00e9e 2024 et ann\u00e9e 2025<\/span>\u00a0\u00a0 \u00e9voqu\u00e9es \u00e0 la r\u00e9union g\u00e9n\u00e9rale du 3 mai \u00e0 consulter et soumises \u00e0 vos avis pour concr\u00e9tisations :<\/strong><\/p>\n<p><em><strong>Sorties de 1 \u00e0 2 jours en France<\/strong><\/em> : <strong>lien<\/strong>\u00a0 <a href=\"https:\/\/www.rabelais32.org\/wp-content\/uploads\/2024\/05\/Visites-et-sorties-2024-2025.pdf\" target=\"_blank\" rel=\"noopener\"><strong>ICI<\/strong><\/a><\/p>\n<p><strong><span style=\"color: #ff0000;\">Sondage propositions 2024-2025<\/span>\u00a0 : <a href=\"https:\/\/www.rabelais32.org\/wp-content\/uploads\/2024\/05\/fiche-souhaits-adherents-projets-2025.pdf\" target=\"_blank\" rel=\"noopener\">ICI<\/a><\/strong><\/p>\n<p><span style=\"color: #ff0000;\"><strong>\u00a0<\/strong><\/span><\/p>\n<p><span style=\"color: #0000ff;\"><em><strong>Ann\u00e9e 2022\/2023<\/strong><\/em><\/span><\/p>\n<p><strong>Projets sorties 4\u00e8me trimestre 2023 : bulletins d&rsquo;inscription :<a href=\"https:\/\/www.rabelais32.org\/wp-content\/uploads\/2023\/09\/FICHES-inscription-sorties-4\u00e8me-trimestre-2023.pdf\" target=\"_blank\" rel=\"noopener noreferrer\"> ICI<\/a><\/strong><\/p>\n<p><em><strong><u>Visites pr\u00e9vues\u00a0:<\/u><\/strong><\/em><\/p>\n<ul>\n<li><em><strong>Mercredi 18\u00a0Octobre : <u>Visite de l\u2019abbaye de Boulaur<\/u>: \u00a0visite de la ferme le matin et du clo\u00eetre et de l\u2019\u00e9glise l\u2019apr\u00e8s-midi, d\u00e9jeuner au restaurant \u00ab\u00a0le Bouche \u00e0 Oreille\u00a0\u00bb \u00e0 Simorre.<\/strong><\/em><\/li>\n<li><em><strong>Mardi 21 Novembre\u00a0: <u>Mus\u00e9e de la R\u00e9sistance \u00e0 Auch \u00e0 14h30<\/u><\/strong><\/em><\/li>\n<li><em><strong>Mercredi 6 d\u00e9cembre : <u>visite de l\u2019a\u00e9rodrome d\u2019Auch<\/u> \u00e0 14 h<\/strong><\/em><\/li>\n<\/ul>\n<p><strong>Projets de sorties :<\/strong><\/p>\n<p><strong>Galette lyc\u00e9e Pardailhan<\/strong> : 24 janvier 14h30<\/p>\n<p><strong>Visite de la chocolaterie \u00e0 Fleurance<\/strong> le 21 mars 2023 : documentation <a href=\"https:\/\/www.rabelais32.org\/wp-content\/uploads\/2022\/12\/Visites-2023-R\u00e9sum\u00e9.pdf\" target=\"_blank\" rel=\"noopener noreferrer\">ICI<\/a><\/p>\n<p><strong>Visites ch\u00e2teau Pierre Paul Riquet , jardins de Martels avec restaurant \u00e0 Giroussens le 10 mai 2023<\/strong> : documentation et inscriptions : <a href=\"https:\/\/www.rabelais32.org\/wp-content\/uploads\/2023\/03\/Bonrepos-Martels-INSCRIPTIONS-Descriptif.pdf\" target=\"_blank\" rel=\"noopener noreferrer\">ICI<\/a><\/p>\n<p><strong>Visite de l&rsquo;a\u00e9roport d&rsquo;Auch<\/strong> qui sera programm\u00e9e si suffisamment d&rsquo;adh\u00e9rents int\u00e9ress\u00e9s\u00a0 : documentation <a href=\"https:\/\/www.rabelais32.org\/wp-content\/uploads\/2022\/12\/Visites-2023-R\u00e9sum\u00e9.pdf\" target=\"_blank\" rel=\"noopener noreferrer\">ICI<\/a><\/p>\n<p><strong>Coupons d&rsquo;inscriptions<\/strong> : <a href=\"https:\/\/www.rabelais32.org\/wp-content\/uploads\/2022\/12\/2023-Coupons-INSCRIPTI-.pdf\" target=\"_blank\" rel=\"noopener noreferrer\">ICI<\/a><\/p>\n<p>&nbsp;<\/p>\n<p><span style=\"color: #0000ff;\"><em><strong>Ann\u00e9e 2021\/2022<\/strong><\/em><\/span><\/p>\n<p><strong>Projets de sorties :<br \/>\n<\/strong><\/p>\n<p>projet Albi 2 septembre 2022 :<a href=\"https:\/\/www.rabelais32.org\/wp-content\/uploads\/2022\/07\/VISITE-dAlbi-fiche.pdf\" target=\"_blank\" rel=\"noopener noreferrer\"> <strong>ICI<\/strong><\/a><\/p>\n<p>En ce qui concerne\u00a0 la <strong>journ\u00e9e \u00e0 Toulouse, elle est\u00a0 pr\u00e9vue le 10 mars 2022<\/strong>, la matin\u00e9e sera occup\u00e9e par la visite guid\u00e9e dans la ville intitul\u00e9e <strong>\u00ab\u00a0Sur les pas de Nougaro\u00a0\u00bb<\/strong> et apr\u00e8s le restaurant nous terminerons par l\u2019exposition au mus\u00e9e des Arts Pr\u00e9cieux Paul Dupuy \u00a0sur\u00a0 les \u00ab\u00a0Arts de l\u2019Islam\u00a0\u00bb .<\/p>\n<p><strong>Programme<\/strong> : : <a href=\"https:\/\/www.rabelais32.org\/wp-content\/uploads\/2022\/03\/Proramme-visite-Toulouse-jeudi-10-mars-2022.pdf\" target=\"_blank\" rel=\"noopener noreferrer\"><strong>ICI<\/strong><\/a> .<\/p>\n<p><strong>Le tarif\u00a0 est de 57\u20ac.<\/strong><\/p>\n<p>&nbsp;<\/p>\n<p><strong>\u00a0N\u00e9rac et Barbaste le 20 avril 2022 : informations, programme : <a href=\"https:\/\/www.rabelais32.org\/wp-content\/uploads\/2022\/03\/Devis-et-Programme-N\u00e9rac.pdf\" target=\"_blank\" rel=\"noopener noreferrer\">ICI<\/a><\/strong><\/p>\n<p><strong>Les grottes de Gargas et Saint Bertrand de Comminges<\/strong>, <strong>le 10 juin 2022 :\u00a0<\/strong> <strong>informations, programme : <a href=\"https:\/\/www.rabelais32.org\/wp-content\/uploads\/2022\/03\/Devis-et-Programme-Gargas.pdf\" target=\"_blank\" rel=\"noopener noreferrer\">ICI\u00a0<\/a><\/strong> .<\/p>\n<p>&nbsp;<\/p>\n<p><strong>Bulletin d&rsquo;inscription : <a href=\"https:\/\/www.rabelais32.org\/wp-content\/uploads\/2022\/03\/inscriptions-projets-bonnes-dates-2022.pdf\" target=\"_blank\" rel=\"noopener noreferrer\">ICI<\/a><\/strong><\/p>\n<p><strong>Sortie \u00e0 Toulouse, Mus\u00e9e des Abattoirs, exposition \u00ab\u00a0la Dame \u00e0 la licorne\u00a0\u00bb<\/strong> <span style=\"color: #ff0000;\"><strong>jeudi 6 janvier 2022<br \/>\n<\/strong><\/span><\/p>\n<p><strong>PROJET : <a href=\"https:\/\/www.rabelais32.org\/wp-content\/uploads\/2021\/11\/Projet-de-visite-Dame-\u00e0-la-licorne.pdf\" target=\"_blank\" rel=\"noopener noreferrer\">ICI<\/a><\/strong><\/p>\n<p><strong>Coupon r\u00e9ponse<\/strong> :<strong> <a href=\"https:\/\/www.rabelais32.org\/wp-content\/uploads\/2021\/11\/coupon-r\u00e9ponse-\u00e0-renvoyer-au-Club-Sant\u00e9-S\u00e9niors-Rabelais-32.pdf\" target=\"_blank\" rel=\"noopener noreferrer\">ICI<\/a><\/strong><\/p>\n<p><strong>Sortie de 2 jours \u00e0 Bordeaux <span style=\"color: #ff0000;\">les 25 et 26 octobre 2021<\/span><\/strong><\/p>\n<p><strong>\u00a0Programme : <a href=\"https:\/\/www.rabelais32.org\/wp-content\/uploads\/2021\/10\/Du-lundi-25-octobre-2021-au-mardi-26-octobre-2021Bordeaux.pdf\" target=\"_blank\" rel=\"noopener noreferrer\">ICI<\/a><\/strong><\/p>\n<p><span style=\"color: #0000ff;\"><em><strong>Ann\u00e9e 2019\/2020<\/strong><\/em><\/span><\/p>\n<p><strong>sortie \u00e0 Sainte Christie d&rsquo;Armagnac : Mardi 15 octobre 2019 : documentation : <a href=\"https:\/\/www.rabelais32.org\/wp-content\/uploads\/2019\/09\/visites-castet-Bas-Armagnac.pdf\" target=\"_blank\" rel=\"noopener noreferrer\">ICI<\/a> et <a href=\"https:\/\/www.rabelais32.org\/wp-content\/uploads\/2019\/09\/Historique-du-Mus\u00e9e-Toujouse.pdf\" target=\"_blank\" rel=\"noopener noreferrer\">ICI<\/a><br \/>\n<\/strong><\/p>\n<p><strong>Bulletin d&rsquo;inscription : <a href=\"https:\/\/www.rabelais32.org\/wp-content\/uploads\/2019\/09\/Coupons-dinscription.2019.pdf\" target=\"_blank\" rel=\"noopener noreferrer\">ICI<\/a><\/strong><\/p>\n<p><strong>sortie \u00e0 Toulouse : Mercredi 9 octobre 2019<\/strong><\/p>\n<p><strong>Bulletin d&rsquo;inscription : <a href=\"https:\/\/www.rabelais32.org\/wp-content\/uploads\/2019\/09\/Coupons-dinscription.2019.pdf\" target=\"_blank\" rel=\"noopener noreferrer\">ICI<\/a><\/strong><\/p>\n<p><strong>Sortie Tarbes : Mercredi 17 avril 2019<\/strong><\/p>\n<p><span style=\"color: #0000ff;\"><em><strong>Ann\u00e9e 2018\/2019<\/strong><\/em><\/span><\/p>\n<p><strong>Sortie Mardi 9 octobre 2018 : visite fabrique de Makila et B\u00e2tons Gascons \u00e0 Vic Fezensac\u00a0<\/strong><\/p>\n<p>Bulletin d&rsquo;inscription : <a href=\"https:\/\/www.rabelais32.org\/wp-content\/uploads\/2018\/09\/MGEN-Bulletins-incription-2018-1.pdf\" target=\"_blank\" rel=\"noopener noreferrer\"><strong>ICI<\/strong><\/a><\/p>\n<p><strong>Sortie \u00ab\u00a0les jardins des Martels\u00a0\u00bb 29 mai 2018 :<\/strong><\/p>\n<p>Programme de la journ\u00e9e :<a href=\"https:\/\/www.rabelais32.org\/wp-content\/uploads\/2018\/04\/Sortie-du-29-Mai-2018.pdf\" target=\"_blank\" rel=\"noopener noreferrer\"> <strong>ICI<\/strong><\/a><\/p>\n<p>Coupon d&rsquo;inscription :<a href=\"https:\/\/www.rabelais32.org\/wp-content\/uploads\/2018\/03\/Inscrip.-Jardins-MARTELS-rando-Blaziert-2018.pdf\" target=\"_blank\" rel=\"noopener noreferrer\"><strong> ICI<\/strong><\/a><\/p>\n<p><strong>Sortie \u00e0 Agen<\/strong> le <strong>mercredi 4 avril 2018<\/strong> :<\/p>\n<p>Programme de la journ\u00e9e :<a href=\"https:\/\/www.rabelais32.org\/wp-content\/uploads\/2018\/03\/Programme-dAGEN-docx.pdf\" target=\"_blank\" rel=\"noopener noreferrer\"> <strong>ICI<\/strong><\/a><\/p>\n<p>Bulletin d&rsquo;inscription :\u00a0<a href=\"https:\/\/www.rabelais32.org\/wp-content\/uploads\/2018\/03\/BULLETIN-inscription-AGEN.pdf\" target=\"_blank\" rel=\"noopener noreferrer\"><strong> ICI<\/strong><\/a><\/p>\n","protected":false},"excerpt":{"rendered":"<p>&nbsp; Les sorties culturelles. Nous essayons d\u2019organiser assez r\u00e9guli\u00e8rement des sorties (visites diverses, nature et jardin) de fa\u00e7on \u00e0 ce que ces rencontres permettent aux retrait\u00e9s un peu isol\u00e9s de retrouver leurs coll\u00e8gues et amis. Ces visites se d\u00e9roulent souvent &hellip; <a href=\"https:\/\/www.rabelais32.org\/index.php\/activites\/ateliers\/sorties\/\">Lire la suite\u00ad\u00ad<\/a><\/p>\n","protected":false},"author":1,"featured_media":1459,"parent":84,"menu_order":0,"comment_status":"closed","ping_status":"closed","template":"","meta":{"footnotes":""},"class_list":["post-295","page","type-page","status-publish","has-post-thumbnail","hentry"],"_links":{"self":[{"href":"https:\/\/www.rabelais32.org\/index.php\/wp-json\/wp\/v2\/pages\/295","targetHints":{"allow":["GET"]}}],"collection":[{"href":"https:\/\/www.rabelais32.org\/index.php\/wp-json\/wp\/v2\/pages"}],"about":[{"href":"https:\/\/www.rabelais32.org\/index.php\/wp-json\/wp\/v2\/types\/page"}],"author":[{"embeddable":true,"href":"https:\/\/www.rabelais32.org\/index.php\/wp-json\/wp\/v2\/users\/1"}],"replies":[{"embeddable":true,"href":"https:\/\/www.rabelais32.org\/index.php\/wp-json\/wp\/v2\/comments?post=295"}],"version-history":[{"count":121,"href":"https:\/\/www.rabelais32.org\/index.php\/wp-json\/wp\/v2\/pages\/295\/revisions"}],"predecessor-version":[{"id":15923,"href":"https:\/\/www.rabelais32.org\/index.php\/wp-json\/wp\/v2\/pages\/295\/revisions\/15923"}],"up":[{"embeddable":true,"href":"https:\/\/www.rabelais32.org\/index.php\/wp-json\/wp\/v2\/pages\/84"}],"wp:featuredmedia":[{"embeddable":true,"href":"https:\/\/www.rabelais32.org\/index.php\/wp-json\/wp\/v2\/media\/1459"}],"wp:attachment":[{"href":"https:\/\/www.rabelais32.org\/index.php\/wp-json\/wp\/v2\/media?parent=295"}],"curies":[{"name":"wp","href":"https:\/\/api.w.org\/{rel}","templated":true}]}}