{"id":248,"date":"2015-12-20T20:55:45","date_gmt":"2015-12-20T20:55:45","guid":{"rendered":"http:\/\/rabelais32.org\/?page_id=248"},"modified":"2026-01-31T17:25:55","modified_gmt":"2026-01-31T16:25:55","slug":"aquarelle","status":"publish","type":"page","link":"https:\/\/www.rabelais32.org\/index.php\/activites\/ateliers\/aquarelle\/","title":{"rendered":"Aquarelle"},"content":{"rendered":"<p><a href=\"http:\/\/rabelais32.org\/wp-content\/uploads\/2015\/12\/thumb1_333313_554a4a97a01344.80752604.jpg\" target=\"_blank\" rel=\"attachment noopener wp-att-265 noreferrer\"><img loading=\"lazy\" decoding=\"async\" class=\"alignnone size-medium wp-image-265\" src=\"http:\/\/rabelais32.org\/wp-content\/uploads\/2015\/12\/thumb1_333313_554a4a97a01344.80752604-300x202.jpg\" alt=\"thumb1_333313_554a4a97a01344.80752604\" width=\"300\" height=\"202\" srcset=\"https:\/\/www.rabelais32.org\/wp-content\/uploads\/2015\/12\/thumb1_333313_554a4a97a01344.80752604-300x202.jpg 300w, https:\/\/www.rabelais32.org\/wp-content\/uploads\/2015\/12\/thumb1_333313_554a4a97a01344.80752604.jpg 400w\" sizes=\"auto, (max-width: 300px) 100vw, 300px\" \/><\/a>\u00a0\u00a0 C&rsquo;est un atelier pour aquarellistes d\u00e9butants ou plus exp\u00e9riment\u00e9s.On y explique les diff\u00e9rentes techniques,chacun se les approprie pour r\u00e9aliser pas \u00e0 pas de belles aquarelles personnelles.Les sujets sont choisis par les aquarellistes(fleurs, paysages,portraits&#8230;)<\/p>\n<p>Cet atelier permet aux participants de s&rsquo;entraider, d&rsquo;\u00e9changer et de se perfectionner en toute convivialit\u00e9.<\/p>\n<p><strong>Atelier anim\u00e9 par Christian ALBOUY les mercredis \u00e0 14h30<\/strong><\/p>\n<p><a href=\"https:\/\/www.rabelais32.org\/wp-content\/uploads\/2026\/01\/christian-A_06-2022.jpg\" target=\"_blank\" rel=\"noopener\">\u00a0Aquarelles 2056 2026<\/a><\/p>\n<p><a href=\"https:\/\/www.rabelais32.org\/wp-content\/uploads\/2026\/01\/christian-A_06-2022.jpg\" target=\"_blank\" rel=\"noopener\"><img loading=\"lazy\" decoding=\"async\" class=\"alignnone wp-image-15846\" src=\"https:\/\/www.rabelais32.org\/wp-content\/uploads\/2026\/01\/christian-A_06-2022-300x224.jpg\" alt=\"\" width=\"194\" height=\"145\" srcset=\"https:\/\/www.rabelais32.org\/wp-content\/uploads\/2026\/01\/christian-A_06-2022-300x224.jpg 300w, https:\/\/www.rabelais32.org\/wp-content\/uploads\/2026\/01\/christian-A_06-2022-1024x766.jpg 1024w, https:\/\/www.rabelais32.org\/wp-content\/uploads\/2026\/01\/christian-A_06-2022-768x574.jpg 768w, https:\/\/www.rabelais32.org\/wp-content\/uploads\/2026\/01\/christian-A_06-2022-1536x1149.jpg 1536w, https:\/\/www.rabelais32.org\/wp-content\/uploads\/2026\/01\/christian-A_06-2022-2048x1532.jpg 2048w\" sizes=\"auto, (max-width: 194px) 100vw, 194px\" \/> \u00a0<\/a><\/p>\n<p><a href=\"https:\/\/youtu.be\/04W4_WlOdtA\" target=\"_blank\" rel=\"noopener\">vid\u00e9o productions aquarellistes \u00e0 cliquer<\/a><\/p>\n","protected":false},"excerpt":{"rendered":"<p>\u00a0\u00a0 C&rsquo;est un atelier pour aquarellistes d\u00e9butants ou plus exp\u00e9riment\u00e9s.On y explique les diff\u00e9rentes techniques,chacun se les approprie pour r\u00e9aliser pas \u00e0 pas de belles aquarelles personnelles.Les sujets sont choisis par les aquarellistes(fleurs, paysages,portraits&#8230;) Cet atelier permet aux participants de &hellip; <a href=\"https:\/\/www.rabelais32.org\/index.php\/activites\/ateliers\/aquarelle\/\">Lire la suite\u00ad\u00ad<\/a><\/p>\n","protected":false},"author":1,"featured_media":1457,"parent":84,"menu_order":0,"comment_status":"closed","ping_status":"closed","template":"","meta":{"footnotes":""},"class_list":["post-248","page","type-page","status-publish","has-post-thumbnail","hentry"],"_links":{"self":[{"href":"https:\/\/www.rabelais32.org\/index.php\/wp-json\/wp\/v2\/pages\/248","targetHints":{"allow":["GET"]}}],"collection":[{"href":"https:\/\/www.rabelais32.org\/index.php\/wp-json\/wp\/v2\/pages"}],"about":[{"href":"https:\/\/www.rabelais32.org\/index.php\/wp-json\/wp\/v2\/types\/page"}],"author":[{"embeddable":true,"href":"https:\/\/www.rabelais32.org\/index.php\/wp-json\/wp\/v2\/users\/1"}],"replies":[{"embeddable":true,"href":"https:\/\/www.rabelais32.org\/index.php\/wp-json\/wp\/v2\/comments?post=248"}],"version-history":[{"count":9,"href":"https:\/\/www.rabelais32.org\/index.php\/wp-json\/wp\/v2\/pages\/248\/revisions"}],"predecessor-version":[{"id":15863,"href":"https:\/\/www.rabelais32.org\/index.php\/wp-json\/wp\/v2\/pages\/248\/revisions\/15863"}],"up":[{"embeddable":true,"href":"https:\/\/www.rabelais32.org\/index.php\/wp-json\/wp\/v2\/pages\/84"}],"wp:featuredmedia":[{"embeddable":true,"href":"https:\/\/www.rabelais32.org\/index.php\/wp-json\/wp\/v2\/media\/1457"}],"wp:attachment":[{"href":"https:\/\/www.rabelais32.org\/index.php\/wp-json\/wp\/v2\/media?parent=248"}],"curies":[{"name":"wp","href":"https:\/\/api.w.org\/{rel}","templated":true}]}}