{"id":219,"date":"2015-12-19T22:21:46","date_gmt":"2015-12-19T22:21:46","guid":{"rendered":"http:\/\/rabelais32.org\/?page_id=219"},"modified":"2026-01-31T17:17:24","modified_gmt":"2026-01-31T16:17:24","slug":"informatique-niveau-moyen-confirme","status":"publish","type":"page","link":"https:\/\/www.rabelais32.org\/index.php\/activites\/ateliers\/informatique-niveau-moyen-confirme\/","title":{"rendered":"Informatique"},"content":{"rendered":"<p><a href=\"http:\/\/rabelais32.org\/wp-content\/uploads\/2015\/12\/ordi-logo.png\" target=\"_blank\" rel=\"attachment wp-att-290 noopener noreferrer\"><img loading=\"lazy\" decoding=\"async\" class=\"alignnone wp-image-290\" src=\"http:\/\/rabelais32.org\/wp-content\/uploads\/2015\/12\/ordi-logo-300x245.png\" alt=\"ordi logo\" width=\"257\" height=\"210\" srcset=\"https:\/\/www.rabelais32.org\/wp-content\/uploads\/2015\/12\/ordi-logo-300x245.png 300w, https:\/\/www.rabelais32.org\/wp-content\/uploads\/2015\/12\/ordi-logo.png 600w\" sizes=\"auto, (max-width: 257px) 100vw, 257px\" \/><\/a><\/p>\n<p>&nbsp;<\/p>\n<p><b>L\u2019Atelier Informatique \u00e0 la carte du mardi<\/b><\/p>\n<p><strong>Anim\u00e9 par\u00a0 Jean Paul Ransan<\/strong><\/p>\n<p><span style=\"color: #800000;\"><strong>de 9h30 \u00e0 12h30 salle du club<\/strong><\/span><\/p>\n<p>Cet atelier a pour but de r\u00e9pondre \u00e0 toutes les demandes des participants afin de mieux ma\u00eetriser les bases\u00a0 informatiques.<\/p>\n<p><a href=\"https:\/\/www.rabelais32.org\/wp-content\/uploads\/2026\/01\/Meilleurs-voeux.jpg\" target=\"_blank\" rel=\"noopener\"><img loading=\"lazy\" decoding=\"async\" class=\"alignnone size-medium wp-image-15845\" src=\"https:\/\/www.rabelais32.org\/wp-content\/uploads\/2026\/01\/Meilleurs-voeux-200x300.jpg\" alt=\"\" width=\"200\" height=\"300\" srcset=\"https:\/\/www.rabelais32.org\/wp-content\/uploads\/2026\/01\/Meilleurs-voeux-200x300.jpg 200w, https:\/\/www.rabelais32.org\/wp-content\/uploads\/2026\/01\/Meilleurs-voeux-683x1024.jpg 683w, https:\/\/www.rabelais32.org\/wp-content\/uploads\/2026\/01\/Meilleurs-voeux-768x1152.jpg 768w, https:\/\/www.rabelais32.org\/wp-content\/uploads\/2026\/01\/Meilleurs-voeux-1024x1536.jpg 1024w, https:\/\/www.rabelais32.org\/wp-content\/uploads\/2026\/01\/Meilleurs-voeux.jpg 1333w\" sizes=\"auto, (max-width: 200px) 100vw, 200px\" \/><\/a><\/p>\n<p><span style=\"color: #3366ff;\"><strong>\u00a0<\/strong><\/span><\/p>\n<p><a href=\"https:\/\/youtu.be\/8KQuiX84mjE\" target=\"_blank\" rel=\"noopener\">vid\u00e9o productions atelier informatique \u00e0 cliquer<\/a><\/p>\n<p>&nbsp;<\/p>\n<p>&nbsp;<\/p>\n","protected":false},"excerpt":{"rendered":"<p>&nbsp; L\u2019Atelier Informatique \u00e0 la carte du mardi Anim\u00e9 par\u00a0 Jean Paul Ransan de 9h30 \u00e0 12h30 salle du club Cet atelier a pour but de r\u00e9pondre \u00e0 toutes les demandes des participants afin de mieux ma\u00eetriser les bases\u00a0 informatiques. &hellip; <a href=\"https:\/\/www.rabelais32.org\/index.php\/activites\/ateliers\/informatique-niveau-moyen-confirme\/\">Lire la suite\u00ad\u00ad<\/a><\/p>\n","protected":false},"author":1,"featured_media":1456,"parent":84,"menu_order":0,"comment_status":"closed","ping_status":"closed","template":"","meta":{"footnotes":""},"class_list":["post-219","page","type-page","status-publish","has-post-thumbnail","hentry"],"_links":{"self":[{"href":"https:\/\/www.rabelais32.org\/index.php\/wp-json\/wp\/v2\/pages\/219","targetHints":{"allow":["GET"]}}],"collection":[{"href":"https:\/\/www.rabelais32.org\/index.php\/wp-json\/wp\/v2\/pages"}],"about":[{"href":"https:\/\/www.rabelais32.org\/index.php\/wp-json\/wp\/v2\/types\/page"}],"author":[{"embeddable":true,"href":"https:\/\/www.rabelais32.org\/index.php\/wp-json\/wp\/v2\/users\/1"}],"replies":[{"embeddable":true,"href":"https:\/\/www.rabelais32.org\/index.php\/wp-json\/wp\/v2\/comments?post=219"}],"version-history":[{"count":24,"href":"https:\/\/www.rabelais32.org\/index.php\/wp-json\/wp\/v2\/pages\/219\/revisions"}],"predecessor-version":[{"id":15860,"href":"https:\/\/www.rabelais32.org\/index.php\/wp-json\/wp\/v2\/pages\/219\/revisions\/15860"}],"up":[{"embeddable":true,"href":"https:\/\/www.rabelais32.org\/index.php\/wp-json\/wp\/v2\/pages\/84"}],"wp:featuredmedia":[{"embeddable":true,"href":"https:\/\/www.rabelais32.org\/index.php\/wp-json\/wp\/v2\/media\/1456"}],"wp:attachment":[{"href":"https:\/\/www.rabelais32.org\/index.php\/wp-json\/wp\/v2\/media?parent=219"}],"curies":[{"name":"wp","href":"https:\/\/api.w.org\/{rel}","templated":true}]}}