{"id":2163,"date":"2016-06-19T14:36:53","date_gmt":"2016-06-19T14:36:53","guid":{"rendered":"http:\/\/www.rabelais32.org\/?page_id=2163"},"modified":"2022-05-06T22:16:32","modified_gmt":"2022-05-06T20:16:32","slug":"atelier-photo","status":"publish","type":"page","link":"https:\/\/www.rabelais32.org\/index.php\/atelier-photo\/","title":{"rendered":"Atelier prise de vue"},"content":{"rendered":"<p><a href=\"http:\/\/www.rabelais32.org\/wp-content\/uploads\/2016\/06\/compo-atelier-photo.jpg\" target=\"_blank\" rel=\"noopener noreferrer\"><img loading=\"lazy\" decoding=\"async\" class=\"wp-image-2176 alignright\" src=\"http:\/\/www.rabelais32.org\/wp-content\/uploads\/2016\/06\/compo-atelier-photo-300x200.jpg\" alt=\"compo atelier photo\" width=\"278\" height=\"185\" srcset=\"https:\/\/www.rabelais32.org\/wp-content\/uploads\/2016\/06\/compo-atelier-photo-300x200.jpg 300w, https:\/\/www.rabelais32.org\/wp-content\/uploads\/2016\/06\/compo-atelier-photo-768x512.jpg 768w, https:\/\/www.rabelais32.org\/wp-content\/uploads\/2016\/06\/compo-atelier-photo-1024x683.jpg 1024w, https:\/\/www.rabelais32.org\/wp-content\/uploads\/2016\/06\/compo-atelier-photo.jpg 1152w\" sizes=\"auto, (max-width: 278px) 100vw, 278px\" \/><\/a><strong>L\u2019Atelier \u00bbprise de vue \u00bb<br \/>\n<\/strong><\/p>\n<p><strong>L\u2019animation est assur\u00e9e un mercredi par mois par Anne Tisseyre, Bernard Baudet et Jacques Laffont. Chacun apportera son savoir, sa touche personnelle, sa sensibilit\u00e9.<\/strong><\/p>\n<p><strong>L\u2019analyse des photos se fera dans notre nouveau local,\u00a0 1 Avenue d&rsquo;Alsace\u00a0 Bat B RDC d\u00e8s que nous y aurons acc\u00e8s.<br \/>\n<\/strong><\/p>\n<p><strong>\u00a0<\/strong><\/p>\n<p>&nbsp;<\/p>\n<p>&nbsp;<\/p>\n<p><strong><em><span style=\"color: #800000;\">2022<\/span><\/em> : invitation \u00e0 la d\u00e9couverte de romans-photos en liaison avec le club Automne \u00e0 AUCH : RV le samedi 21 mai <\/strong><\/p>\n<p class=\"ox-4fd010614c-msonormal\" style=\"margin-bottom: 0cm; text-align: center;\" align=\"center\"><span style=\"font-size: 14.0pt; font-family: Algerian;\">les adh\u00e9rents du club Sant\u00e9 Seniors sont invit\u00e9s par<\/span><\/p>\n<p class=\"ox-4fd010614c-msonormal\" style=\"margin-bottom: 0cm; text-align: center;\" align=\"center\"><span style=\"font-size: 14.0pt; font-family: Algerian;\">L&rsquo;atelier lecture du club automne<\/span><\/p>\n<p class=\"ox-4fd010614c-msonormal\" style=\"margin-bottom: 0cm; text-align: center;\" align=\"center\"><span style=\"font-size: 16.0pt;\">le <\/span><b><span style=\"font-size: 18.0pt;\">samedi 21 mai \u00e0 9h30<\/span><\/b><\/p>\n<p class=\"ox-4fd010614c-msonormal\" style=\"margin-bottom: 0cm; text-align: center;\" align=\"center\"><span style=\"font-size: 16.0pt;\">salle du club 33 ter rue Michelet.<\/span><\/p>\n<p class=\"ox-4fd010614c-msonormal\" style=\"margin-bottom: 0cm; text-align: center;\" align=\"center\"><span style=\"font-size: 16.0pt;\">\u00e0 une rencontre avec un auteur de roman-photo, <b>Benoit Vidal<\/b><\/span><\/p>\n<p style=\"text-align: left;\" align=\"center\"><a href=\"https:\/\/www.rabelais32.org\/wp-content\/uploads\/2022\/05\/Gaston-en-Normandie.jpg\" target=\"_blank\" rel=\"noopener noreferrer\"><img loading=\"lazy\" decoding=\"async\" class=\" wp-image-11986 alignright\" src=\"https:\/\/www.rabelais32.org\/wp-content\/uploads\/2022\/05\/Gaston-en-Normandie-226x300.jpg\" alt=\"\" width=\"200\" height=\"265\" srcset=\"https:\/\/www.rabelais32.org\/wp-content\/uploads\/2022\/05\/Gaston-en-Normandie-226x300.jpg 226w, https:\/\/www.rabelais32.org\/wp-content\/uploads\/2022\/05\/Gaston-en-Normandie-771x1024.jpg 771w, https:\/\/www.rabelais32.org\/wp-content\/uploads\/2022\/05\/Gaston-en-Normandie-768x1019.jpg 768w, https:\/\/www.rabelais32.org\/wp-content\/uploads\/2022\/05\/Gaston-en-Normandie.jpg 904w\" sizes=\"auto, (max-width: 200px) 100vw, 200px\" \/><\/a><a href=\"https:\/\/www.rabelais32.org\/wp-content\/uploads\/2022\/05\/Pauline-\u00e0-Paris.jpg\" target=\"_blank\" rel=\"noopener noreferrer\"><img loading=\"lazy\" decoding=\"async\" class=\" wp-image-11985 alignleft\" src=\"https:\/\/www.rabelais32.org\/wp-content\/uploads\/2022\/05\/Pauline-\u00e0-Paris-231x300.jpg\" alt=\"\" width=\"200\" height=\"260\" srcset=\"https:\/\/www.rabelais32.org\/wp-content\/uploads\/2022\/05\/Pauline-\u00e0-Paris-231x300.jpg 231w, https:\/\/www.rabelais32.org\/wp-content\/uploads\/2022\/05\/Pauline-\u00e0-Paris.jpg 600w\" sizes=\"auto, (max-width: 200px) 100vw, 200px\" \/><\/a><\/p>\n<p align=\"center\"><a href=\"https:\/\/www.rabelais32.org\/wp-content\/uploads\/2022\/05\/pauline-\u00e0-Paris-2-scaled.jpg\" target=\"_blank\" rel=\"noopener noreferrer\"><img loading=\"lazy\" decoding=\"async\" class=\" wp-image-11987 aligncenter\" src=\"https:\/\/www.rabelais32.org\/wp-content\/uploads\/2022\/05\/pauline-\u00e0-Paris-2-225x300.jpg\" alt=\"\" width=\"200\" height=\"267\" srcset=\"https:\/\/www.rabelais32.org\/wp-content\/uploads\/2022\/05\/pauline-\u00e0-Paris-2-225x300.jpg 225w, https:\/\/www.rabelais32.org\/wp-content\/uploads\/2022\/05\/pauline-\u00e0-Paris-2-768x1024.jpg 768w, https:\/\/www.rabelais32.org\/wp-content\/uploads\/2022\/05\/pauline-\u00e0-Paris-2-1152x1536.jpg 1152w, https:\/\/www.rabelais32.org\/wp-content\/uploads\/2022\/05\/pauline-\u00e0-Paris-2-1536x2048.jpg 1536w, https:\/\/www.rabelais32.org\/wp-content\/uploads\/2022\/05\/pauline-\u00e0-Paris-2-scaled.jpg 1920w\" sizes=\"auto, (max-width: 200px) 100vw, 200px\" \/><\/a><\/p>\n<p><strong>Information roman-photo Benoit VIDAL : <a href=\"https:\/\/www.rabelais32.org\/wp-content\/uploads\/2022\/05\/Invitation-lecture-B.Vidal_.pdf\" target=\"_blank\" rel=\"noopener noreferrer\">ICI<\/a><\/strong><\/p>\n<p><a href=\"https:\/\/www.rabelais32.org\/wp-content\/uploads\/2022\/05\/roman-photo-2022-scaled.jpg\" target=\"_blank\" rel=\"noopener noreferrer\"><img loading=\"lazy\" decoding=\"async\" class=\"size-medium wp-image-11982 aligncenter\" src=\"https:\/\/www.rabelais32.org\/wp-content\/uploads\/2022\/05\/roman-photo-2022-207x300.jpg\" alt=\"\" width=\"207\" height=\"300\" srcset=\"https:\/\/www.rabelais32.org\/wp-content\/uploads\/2022\/05\/roman-photo-2022-207x300.jpg 207w, https:\/\/www.rabelais32.org\/wp-content\/uploads\/2022\/05\/roman-photo-2022-707x1024.jpg 707w, https:\/\/www.rabelais32.org\/wp-content\/uploads\/2022\/05\/roman-photo-2022-768x1112.jpg 768w, https:\/\/www.rabelais32.org\/wp-content\/uploads\/2022\/05\/roman-photo-2022-1061x1536.jpg 1061w, https:\/\/www.rabelais32.org\/wp-content\/uploads\/2022\/05\/roman-photo-2022-1415x2048.jpg 1415w, https:\/\/www.rabelais32.org\/wp-content\/uploads\/2022\/05\/roman-photo-2022-scaled.jpg 1769w\" sizes=\"auto, (max-width: 207px) 100vw, 207px\" \/><\/a><\/p>\n<p>&nbsp;<\/p>\n","protected":false},"excerpt":{"rendered":"<p>L\u2019Atelier \u00bbprise de vue \u00bb L\u2019animation est assur\u00e9e un mercredi par mois par Anne Tisseyre, Bernard Baudet et Jacques Laffont. Chacun apportera son savoir, sa touche personnelle, sa sensibilit\u00e9. L\u2019analyse des photos se fera dans notre nouveau local,\u00a0 1 Avenue &hellip; <a href=\"https:\/\/www.rabelais32.org\/index.php\/atelier-photo\/\">Lire la suite\u00ad\u00ad<\/a><\/p>\n","protected":false},"author":1,"featured_media":0,"parent":0,"menu_order":0,"comment_status":"closed","ping_status":"closed","template":"","meta":{"footnotes":""},"class_list":["post-2163","page","type-page","status-publish","hentry"],"_links":{"self":[{"href":"https:\/\/www.rabelais32.org\/index.php\/wp-json\/wp\/v2\/pages\/2163","targetHints":{"allow":["GET"]}}],"collection":[{"href":"https:\/\/www.rabelais32.org\/index.php\/wp-json\/wp\/v2\/pages"}],"about":[{"href":"https:\/\/www.rabelais32.org\/index.php\/wp-json\/wp\/v2\/types\/page"}],"author":[{"embeddable":true,"href":"https:\/\/www.rabelais32.org\/index.php\/wp-json\/wp\/v2\/users\/1"}],"replies":[{"embeddable":true,"href":"https:\/\/www.rabelais32.org\/index.php\/wp-json\/wp\/v2\/comments?post=2163"}],"version-history":[{"count":19,"href":"https:\/\/www.rabelais32.org\/index.php\/wp-json\/wp\/v2\/pages\/2163\/revisions"}],"predecessor-version":[{"id":11989,"href":"https:\/\/www.rabelais32.org\/index.php\/wp-json\/wp\/v2\/pages\/2163\/revisions\/11989"}],"wp:attachment":[{"href":"https:\/\/www.rabelais32.org\/index.php\/wp-json\/wp\/v2\/media?parent=2163"}],"curies":[{"name":"wp","href":"https:\/\/api.w.org\/{rel}","templated":true}]}}