{"id":1335,"date":"2016-03-13T18:04:40","date_gmt":"2016-03-13T18:04:40","guid":{"rendered":"http:\/\/rabelais32.org\/?page_id=1335"},"modified":"2021-10-09T18:03:02","modified_gmt":"2021-10-09T16:03:02","slug":"yoga","status":"publish","type":"page","link":"https:\/\/www.rabelais32.org\/index.php\/activites\/ateliers\/yoga\/","title":{"rendered":"Yoga"},"content":{"rendered":"<p style=\"text-align: center;\"><strong>\u00a0<\/strong><\/p>\n<p style=\"text-align: center;\"><a href=\"http:\/\/rabelais32.org\/wp-content\/uploads\/2016\/03\/yoga5.jpg\" target=\"_blank\" rel=\"attachment noopener wp-att-1345 noreferrer\"><img loading=\"lazy\" decoding=\"async\" class=\"size-medium wp-image-1345 aligncenter\" src=\"http:\/\/rabelais32.org\/wp-content\/uploads\/2016\/03\/yoga5-300x161.jpg\" alt=\"yoga5\" width=\"300\" height=\"161\" srcset=\"https:\/\/www.rabelais32.org\/wp-content\/uploads\/2016\/03\/yoga5-300x161.jpg 300w, https:\/\/www.rabelais32.org\/wp-content\/uploads\/2016\/03\/yoga5-768x411.jpg 768w, https:\/\/www.rabelais32.org\/wp-content\/uploads\/2016\/03\/yoga5.jpg 1009w\" sizes=\"auto, (max-width: 300px) 100vw, 300px\" \/><\/a><\/p>\n<p style=\"text-align: left;\">Les danseurs traditionnels de l&rsquo;Inde font ce signe de la main pour signifier<\/p>\n<p style=\"text-align: center;\">\u00ab\u00a0BIENVENUE\u00a0\u00bb<\/p>\n<p><strong><span style=\"color: #000080;\">Informations par Martine DESPAX pour la reprise d\u00e8s octobre 2021 :<\/span><a href=\"https:\/\/www.rabelais32.org\/wp-content\/uploads\/2021\/10\/SEANCES-DE-YOGA-2F-OPEN.pdf\" target=\"_blank\" rel=\"noopener noreferrer\"> ICI<\/a><\/strong><\/p>\n<p style=\"text-align: left;\"><strong>Ses objectifs<\/strong> :<br \/>\nL\u2019union des contraires<br \/>\nL\u2019arr\u00eat des tourbillons mentaux<br \/>\nLa mise en connexion avec l\u2019univers<br \/>\nC\u2019est une \u00ab Danse Sacr\u00e9e \u00bb qui concerne strictement la seule gouverne int\u00e9rieure de celui qui la pratique. Elle passe obligatoirement par le corps afin de ne pas r\u00eavasser. Elle ob\u00e9it \u00e0 des r\u00e8gles sp\u00e9cifiques rod\u00e9es depuis des mill\u00e9naires ;<\/p>\n<p style=\"text-align: left;\"><strong>Ses \u00ab outils \u00bb<\/strong><br \/>\n<strong>Kryias:<\/strong> qui sont des nettoyages, des \u00e9chauffements articulaires, respiratoires ; ils se pratiquent en d\u00e9but de s\u00e9ance.<br \/>\n<strong>Pranamaya:<\/strong> pour acquisition des diff\u00e9rentes techniques respiratoires sp\u00e9cifiques \u00e0 chaque situation v\u00e9cue. C\u2019est surtout pour cette partie qu\u2019un passeur est recommand\u00e9.<br \/>\n<strong>Asana:<\/strong> postures aux noms sanskrits \u00e9vocateurs qui nous rappellent que nous sommes des Etres acquis \u00e0 la Verticalit\u00e9, \u00e9troitement li\u00e9s \u00e0 la Nature qui nous entoure, au Vivant, \u00e0 l\u2019Espace<br \/>\n<strong>L\u2019attention port\u00e9e aux Sensations:<\/strong> auditives, visuelles, gustatives, olfactives (qui sont toutes les quatre des touchers intuitifs). Dans le silence, le yoga se relie aux Vibrations de l\u2019Univers Cosmique. Cette union r\u00e9sulte de contractions-d\u00e9contractions respirantes. Qui dit vibrations dit circulation d\u2019\u00e9nergie ; \u00e0 ce propos les neurosciences ne disent-elles pas que nous sommes faits d\u2019\u00e9lectricit\u00e9 ? Le yoga est circulation d\u2019<strong>ENERGIE VITALE<\/strong> et ce, depuis la nuit des temps.<\/p>\n<p><strong>Nous retrait\u00e9es<\/strong>, \u00ab oh\u00e9 les hommes du club o\u00f9 \u00eates-vous ? \u00bb<br \/>\nDe tous temps vous avez pratiqu\u00e9 avec vos compagnes, sans discrimination ni de sexe, ni de caste (belle et vaillante la\u00efcit\u00e9 conquise \u00e0 l\u2019origine sur les rituels bramaniques ; la\u00efcit\u00e9 v\u00e9cue \u2026avant m\u00eame l\u2019apparition de sa s\u00e9mantique)<\/p>\n<p style=\"text-align: left;\"><strong>Nous retrait\u00e9es<\/strong>, sur nos tapis, (qui n\u2019ont rien de volants mais assur\u00e9ment ancr\u00e9s solidement \u00e0 la terre) nous cultivons, avec le g\u00e9nie propre \u00e0 chacune, quelques relatives souplesses nous permettant chaque jour de retirer de nos chaussures, les \u00ab petits et gros cailloux les encombrant\u00bb afin de cheminer un peu plus pai-si-ble-ment dans ce monde si agit\u00e9 qui nous entoure.<br \/>\nMerci \u00e0 l\u2019<strong>Inde<\/strong> de nous avoir l\u00e9gu\u00e9 cet <strong>ART de VIVRE: <\/strong>\u00ab fait de moins de biens pour plus de liens \u00bb<\/p>\n<p style=\"text-align: left;\"><strong>Notons<\/strong> :<br \/>\n<em>Le yoga est plus connu que v\u00e9cu.<\/em><br \/>\n<em> Nous rappelons fermement que le yoga n\u2019est :<\/em><br \/>\n<em> &#8211; ni un SPORT : il n\u2019a rien \u00e0 prouver, rien \u00e0 gagner, n\u2019a pas de hi\u00e9rarchie, le yogi fait simplement son propre m\u00e9nage par le vide et s\u2019en trouve bien aise.<\/em><br \/>\n<em> &#8211; ni un LOISIR : il demande de l\u2019immobilit\u00e9, du silence, il est le contraire d\u2019une distraction mondaine<\/em><br \/>\n<em> &#8211; ni une TH\u00c9RAPIE : les m\u00e9decins font tr\u00e8s bien leur m\u00e9tier et leurs soins ont fait leurs preuves. La sp\u00e9culation au sujet de futures gu\u00e9risons \u00ab fantasm\u00e9es \u00bb s\u2019av\u00e8re encombrante pour sa r\u00e9alisation. <\/em><br \/>\n<em> &#8211; ni une RELIGION : le yoga supporte tr\u00e8s mal le m\u00e9lange des genres et ne se situe, ni en haut, ni en bas, mais \u00e0 c\u00f4t\u00e9. Il n\u2019a rien \u00e0 combattre, n\u2019a pas de mission, ne pr\u00eache pas ; il lui est inutile de th\u00e9sauriser quoique ce soit.<\/em><br \/>\n<em> &#8211; ni une MARCHANDISE et il est vraiment de mauvais aloi quand il est prostitu\u00e9 par la publicit\u00e9.<\/em><\/p>\n<p style=\"text-align: right;\">le groupe yoga<\/p>\n","protected":false},"excerpt":{"rendered":"<p>\u00a0 Les danseurs traditionnels de l&rsquo;Inde font ce signe de la main pour signifier \u00ab\u00a0BIENVENUE\u00a0\u00bb Informations par Martine DESPAX pour la reprise d\u00e8s octobre 2021 : ICI Ses objectifs : L\u2019union des contraires L\u2019arr\u00eat des tourbillons mentaux La mise en &hellip; <a href=\"https:\/\/www.rabelais32.org\/index.php\/activites\/ateliers\/yoga\/\">Lire la suite\u00ad\u00ad<\/a><\/p>\n","protected":false},"author":1,"featured_media":1451,"parent":84,"menu_order":0,"comment_status":"closed","ping_status":"closed","template":"","meta":{"footnotes":""},"class_list":["post-1335","page","type-page","status-publish","has-post-thumbnail","hentry"],"_links":{"self":[{"href":"https:\/\/www.rabelais32.org\/index.php\/wp-json\/wp\/v2\/pages\/1335","targetHints":{"allow":["GET"]}}],"collection":[{"href":"https:\/\/www.rabelais32.org\/index.php\/wp-json\/wp\/v2\/pages"}],"about":[{"href":"https:\/\/www.rabelais32.org\/index.php\/wp-json\/wp\/v2\/types\/page"}],"author":[{"embeddable":true,"href":"https:\/\/www.rabelais32.org\/index.php\/wp-json\/wp\/v2\/users\/1"}],"replies":[{"embeddable":true,"href":"https:\/\/www.rabelais32.org\/index.php\/wp-json\/wp\/v2\/comments?post=1335"}],"version-history":[{"count":15,"href":"https:\/\/www.rabelais32.org\/index.php\/wp-json\/wp\/v2\/pages\/1335\/revisions"}],"predecessor-version":[{"id":10957,"href":"https:\/\/www.rabelais32.org\/index.php\/wp-json\/wp\/v2\/pages\/1335\/revisions\/10957"}],"up":[{"embeddable":true,"href":"https:\/\/www.rabelais32.org\/index.php\/wp-json\/wp\/v2\/pages\/84"}],"wp:featuredmedia":[{"embeddable":true,"href":"https:\/\/www.rabelais32.org\/index.php\/wp-json\/wp\/v2\/media\/1451"}],"wp:attachment":[{"href":"https:\/\/www.rabelais32.org\/index.php\/wp-json\/wp\/v2\/media?parent=1335"}],"curies":[{"name":"wp","href":"https:\/\/api.w.org\/{rel}","templated":true}]}}